{"id":2909,"date":"2015-02-03T20:15:21","date_gmt":"2015-02-03T20:15:21","guid":{"rendered":"https:\/\/hotelciudaddebinefar.com\/spa-y-fitness\/"},"modified":"2023-03-01T08:32:51","modified_gmt":"2023-03-01T07:32:51","slug":"spa-y-fitness","status":"publish","type":"page","link":"https:\/\/hotelciudaddebinefar.com\/en\/spa-y-fitness\/","title":{"rendered":"Spa y fitness"},"content":{"rendered":"<p><div class=\"fusion-fullwidth fullwidth-box fusion-builder-row-1 nonhundred-percent-fullwidth non-hundred-percent-height-scrolling\" style=\"--awb-background-position:left top;--awb-border-radius-top-left:0px;--awb-border-radius-top-right:0px;--awb-border-radius-bottom-right:0px;--awb-border-radius-bottom-left:0px;--awb-padding-top:0px;--awb-padding-bottom:60px;--awb-border-sizes-top:0px;--awb-border-sizes-bottom:0px;\" ><div class=\"fusion-builder-row fusion-row\"><div class=\"fusion-layout-column fusion_builder_column fusion-builder-column-0 fusion_builder_column_1_1 1_1 fusion-one-full fusion-column-first fusion-column-last\" style=\"--awb-bg-size:cover;\"><div class=\"fusion-column-wrapper fusion-flex-column-wrapper-legacy\"><div class=\"fusion-text fusion-text-1\"><p style=\"letter-spacing: 4px; font-size: 13px; text-align: center; margin-bottom: 0px;\">UN POCO DE RELAX<\/p>\n<h1 style=\"text-align: center;\">SPA<\/h1>\n<\/div><div class=\"fusion-sep-clear\"><\/div><div class=\"fusion-separator\" style=\"margin-left: auto;margin-right: auto;margin-top:0px;margin-bottom:20px;width:100%;max-width:50px;\"><div class=\"fusion-separator-border sep-single sep-solid\" style=\"--awb-height:20px;--awb-amount:20px;--awb-sep-color:#dd042b;border-color:#dd042b;border-top-width:1px;\"><\/div><\/div><div class=\"fusion-sep-clear\"><\/div><div class=\"fusion-clearfix\"><\/div><\/div><\/div><div class=\"fusion-layout-column fusion_builder_column fusion-builder-column-1 fusion_builder_column_1_2 1_2 fusion-one-half fusion-column-first\" style=\"--awb-bg-size:cover;width:48%; margin-right: 4%;\"><div class=\"fusion-column-wrapper fusion-flex-column-wrapper-legacy\"><div class=\"fusion-text fusion-text-2\"><p>El \u201cHotel&amp;SPA Ciudad de Bin\u00e9far\u201d abre sus puertas en 2017, como un ambicioso proyecto para crear un lugar \u00fanico y encantador. Mucho m\u00e1s que un spa, es sobre todo un lugar en el que la belleza, la salud, el bienestar, el equilibrio y la paz interior van de la mano para hacer de este un espacio concebido para el mimo del cuerpo, la mente y el esp\u00edritu, no por separado, sino como una unidad para poder crear la armon\u00eda necesaria.<\/p>\n<p>La combinaci\u00f3n de todo hace del \u201cSPA Ciudad de Bin\u00e9far\u201d un aut\u00e9ntico centro de bienestar, donde intentamos cuidar todos los detalles para satisfacer las inquietudes y necesidades de nuestros clientes.<\/p>\n<p>Doscientos metros cuadrados donde poder relajarse y dejarse llevar, desde su cielo estrellado el cual ilumina todo el recinto, hasta sus magn\u00edficas saunas, piscina, jacuzzi, fuente de hielo, duchas de contraste y la zona relax con sus hamacas t\u00e9rmicas, en las cuales podr\u00e1 disfrutar de la sensaci\u00f3n de placer y relajaci\u00f3n absoluta.<\/p>\n<\/div><div class=\"fusion-clearfix\"><\/div><\/div><\/div><div class=\"fusion-layout-column fusion_builder_column fusion-builder-column-2 fusion_builder_column_1_2 1_2 fusion-one-half fusion-column-last\" style=\"--awb-bg-color:#ffffff;--awb-bg-size:cover;--awb-border-color:#ebeef1;--awb-border-top:1px;--awb-border-right:1px;--awb-border-bottom:1px;--awb-border-left:1px;--awb-border-style:solid;--awb-margin-bottom:30px;width:48%;\"><div class=\"fusion-column-wrapper fusion-flex-column-wrapper-legacy\"><div class=\"fusion-image-element fusion-image-align-center in-legacy-container\" style=\"text-align:center;--awb-liftup-border-radius:0px;--awb-caption-title-size:var(--h2_typography-font-size);--awb-caption-title-transform:var(--h2_typography-text-transform);--awb-caption-title-line-height:var(--h2_typography-line-height);--awb-caption-title-letter-spacing:var(--h2_typography-letter-spacing);\"><div class=\"imageframe-align-center\"><div class=\"awb-image-frame awb-image-frame-1 imageframe-liftup\"><span class=\" fusion-imageframe imageframe-none imageframe-1\"><img decoding=\"async\" width=\"1920\" height=\"1280\" title=\"spa-a\" src=\"https:\/\/hotelciudaddebinefar.com\/wp-content\/uploads\/2015\/07\/spa-a.jpg\" alt class=\"img-responsive wp-image-2810\" srcset=\"https:\/\/hotelciudaddebinefar.com\/wp-content\/uploads\/2015\/07\/spa-a-200x133.jpg 200w, https:\/\/hotelciudaddebinefar.com\/wp-content\/uploads\/2015\/07\/spa-a-400x267.jpg 400w, https:\/\/hotelciudaddebinefar.com\/wp-content\/uploads\/2015\/07\/spa-a-600x400.jpg 600w, https:\/\/hotelciudaddebinefar.com\/wp-content\/uploads\/2015\/07\/spa-a-800x533.jpg 800w, https:\/\/hotelciudaddebinefar.com\/wp-content\/uploads\/2015\/07\/spa-a-1200x800.jpg 1200w, https:\/\/hotelciudaddebinefar.com\/wp-content\/uploads\/2015\/07\/spa-a.jpg 1920w\" sizes=\"(max-width: 800px) 100vw, 600px\" \/><\/span><\/div><\/div><\/div><div class=\"fusion-clearfix\"><\/div><\/div><\/div><div class=\"fusion-layout-column fusion_builder_column fusion-builder-column-3 fusion_builder_column_1_2 1_2 fusion-one-half fusion-column-first\" style=\"--awb-bg-color:#ffffff;--awb-bg-size:cover;--awb-border-color:#ebeef1;--awb-border-top:1px;--awb-border-right:1px;--awb-border-bottom:1px;--awb-border-left:1px;--awb-border-style:solid;width:48%; margin-right: 4%;\"><div class=\"fusion-column-wrapper fusion-flex-column-wrapper-legacy\"><div class=\"fusion-image-element fusion-image-align-center in-legacy-container\" style=\"text-align:center;--awb-liftup-border-radius:0px;--awb-caption-title-size:var(--h2_typography-font-size);--awb-caption-title-transform:var(--h2_typography-text-transform);--awb-caption-title-line-height:var(--h2_typography-line-height);--awb-caption-title-letter-spacing:var(--h2_typography-letter-spacing);\"><div class=\"imageframe-align-center\"><div class=\"awb-image-frame awb-image-frame-2 imageframe-liftup\"><span class=\" fusion-imageframe imageframe-none imageframe-2\"><img decoding=\"async\" width=\"1920\" height=\"1277\" title=\"terraza-interior249\" src=\"https:\/\/hotelciudaddebinefar.com\/wp-content\/uploads\/2016\/09\/terraza-interior249.jpg\" alt class=\"img-responsive wp-image-2848\" srcset=\"https:\/\/hotelciudaddebinefar.com\/wp-content\/uploads\/2016\/09\/terraza-interior249-200x133.jpg 200w, https:\/\/hotelciudaddebinefar.com\/wp-content\/uploads\/2016\/09\/terraza-interior249-400x266.jpg 400w, https:\/\/hotelciudaddebinefar.com\/wp-content\/uploads\/2016\/09\/terraza-interior249-600x399.jpg 600w, https:\/\/hotelciudaddebinefar.com\/wp-content\/uploads\/2016\/09\/terraza-interior249-800x532.jpg 800w, https:\/\/hotelciudaddebinefar.com\/wp-content\/uploads\/2016\/09\/terraza-interior249-1200x798.jpg 1200w, https:\/\/hotelciudaddebinefar.com\/wp-content\/uploads\/2016\/09\/terraza-interior249.jpg 1920w\" sizes=\"(max-width: 800px) 100vw, 600px\" \/><\/span><\/div><\/div><\/div><div class=\"fusion-clearfix\"><\/div><\/div><\/div><div class=\"fusion-layout-column fusion_builder_column fusion-builder-column-4 fusion_builder_column_1_2 1_2 fusion-one-half fusion-column-last\" style=\"--awb-bg-color:#ffffff;--awb-bg-size:cover;--awb-border-color:#ebeef1;--awb-border-top:1px;--awb-border-right:1px;--awb-border-bottom:1px;--awb-border-left:1px;--awb-border-style:solid;width:48%;\"><div class=\"fusion-column-wrapper fusion-flex-column-wrapper-legacy\"><div class=\"fusion-image-element fusion-image-align-center in-legacy-container\" style=\"text-align:center;--awb-liftup-border-radius:0px;--awb-caption-title-size:var(--h2_typography-font-size);--awb-caption-title-transform:var(--h2_typography-text-transform);--awb-caption-title-line-height:var(--h2_typography-line-height);--awb-caption-title-letter-spacing:var(--h2_typography-letter-spacing);\"><div class=\"imageframe-align-center\"><div class=\"awb-image-frame awb-image-frame-3 imageframe-liftup\"><span class=\" fusion-imageframe imageframe-none imageframe-3\"><img decoding=\"async\" width=\"1920\" height=\"1277\" title=\"spa255\" src=\"https:\/\/hotelciudaddebinefar.com\/wp-content\/uploads\/2016\/09\/spa255.jpg\" alt class=\"img-responsive wp-image-2841\" srcset=\"https:\/\/hotelciudaddebinefar.com\/wp-content\/uploads\/2016\/09\/spa255-200x133.jpg 200w, https:\/\/hotelciudaddebinefar.com\/wp-content\/uploads\/2016\/09\/spa255-400x266.jpg 400w, https:\/\/hotelciudaddebinefar.com\/wp-content\/uploads\/2016\/09\/spa255-600x399.jpg 600w, https:\/\/hotelciudaddebinefar.com\/wp-content\/uploads\/2016\/09\/spa255-800x532.jpg 800w, https:\/\/hotelciudaddebinefar.com\/wp-content\/uploads\/2016\/09\/spa255-1200x798.jpg 1200w, https:\/\/hotelciudaddebinefar.com\/wp-content\/uploads\/2016\/09\/spa255.jpg 1920w\" sizes=\"(max-width: 800px) 100vw, 600px\" \/><\/span><\/div><\/div><\/div><div class=\"fusion-clearfix\"><\/div><\/div><\/div><div class=\"fusion-layout-column fusion_builder_column fusion-builder-column-5 fusion_builder_column_1_1 1_1 fusion-one-full fusion-column-first fusion-column-last\" style=\"--awb-bg-color:#ffffff;--awb-bg-size:cover;--awb-border-color:#ebeef1;--awb-border-top:1px;--awb-border-right:1px;--awb-border-bottom:1px;--awb-border-left:1px;--awb-border-style:solid;\"><div class=\"fusion-column-wrapper fusion-flex-column-wrapper-legacy\"><div class=\"fusion-column-content-centered\"><div class=\"fusion-column-content\"><div class=\"fusion-image-element fusion-image-align-center in-legacy-container\" style=\"text-align:center;--awb-liftup-border-radius:0px;--awb-caption-title-size:var(--h2_typography-font-size);--awb-caption-title-transform:var(--h2_typography-text-transform);--awb-caption-title-line-height:var(--h2_typography-line-height);--awb-caption-title-letter-spacing:var(--h2_typography-letter-spacing);\"><div class=\"imageframe-align-center\"><div class=\"awb-image-frame awb-image-frame-4 imageframe-liftup\"><span class=\" fusion-imageframe imageframe-none imageframe-4\"><img decoding=\"async\" width=\"1920\" height=\"1277\" title=\"spa252\" src=\"https:\/\/hotelciudaddebinefar.com\/wp-content\/uploads\/2016\/09\/spa252.jpg\" alt class=\"img-responsive wp-image-2840\" srcset=\"https:\/\/hotelciudaddebinefar.com\/wp-content\/uploads\/2016\/09\/spa252-200x133.jpg 200w, https:\/\/hotelciudaddebinefar.com\/wp-content\/uploads\/2016\/09\/spa252-400x266.jpg 400w, https:\/\/hotelciudaddebinefar.com\/wp-content\/uploads\/2016\/09\/spa252-600x399.jpg 600w, https:\/\/hotelciudaddebinefar.com\/wp-content\/uploads\/2016\/09\/spa252-800x532.jpg 800w, https:\/\/hotelciudaddebinefar.com\/wp-content\/uploads\/2016\/09\/spa252-1200x798.jpg 1200w, https:\/\/hotelciudaddebinefar.com\/wp-content\/uploads\/2016\/09\/spa252.jpg 1920w\" sizes=\"(max-width: 800px) 100vw, 1200px\" \/><\/span><\/div><\/div><\/div><\/div><\/div><div class=\"fusion-clearfix\"><\/div><\/div><\/div><\/div><\/div><div class=\"fusion-fullwidth fullwidth-box fusion-builder-row-2 hundred-percent-fullwidth non-hundred-percent-height-scrolling\" style=\"--awb-border-radius-top-left:0px;--awb-border-radius-top-right:0px;--awb-border-radius-bottom-right:0px;--awb-border-radius-bottom-left:0px;--awb-overflow:visible;--awb-padding-right:30px;--awb-padding-left:30px;--awb-margin-top:45px;--awb-margin-bottom:45px;--awb-background-color:rgba(255,255,255,0);\" ><div class=\"fusion-builder-row fusion-row\"><div class=\"fusion-layout-column fusion_builder_column fusion-builder-column-6 fusion_builder_column_1_1 1_1 fusion-one-full fusion-column-first fusion-column-last fusion-column-no-min-height\" style=\"--awb-bg-size:cover;--awb-margin-bottom:0px;\"><div class=\"fusion-column-wrapper fusion-flex-column-wrapper-legacy\"><div class=\"fusion-sep-clear\"><\/div><div class=\"fusion-separator fusion-full-width-sep\" style=\"margin-left: auto;margin-right: auto;width:100%;\"><\/div><div class=\"fusion-sep-clear\"><\/div><div class=\"fusion-clearfix\"><\/div><\/div><\/div><\/div><\/div><div class=\"fusion-fullwidth fullwidth-box fusion-builder-row-3 nonhundred-percent-fullwidth non-hundred-percent-height-scrolling\" style=\"--awb-background-position:left top;--awb-border-radius-top-left:0px;--awb-border-radius-top-right:0px;--awb-border-radius-bottom-right:0px;--awb-border-radius-bottom-left:0px;--awb-padding-top:0px;--awb-padding-bottom:60px;--awb-border-sizes-top:0px;--awb-border-sizes-bottom:0px;\" ><div class=\"fusion-builder-row fusion-row\"><div class=\"fusion-layout-column fusion_builder_column fusion-builder-column-7 fusion_builder_column_1_2 1_2 fusion-one-half fusion-column-first\" style=\"--awb-bg-color:#ffffff;--awb-bg-size:cover;--awb-border-color:#ebeef1;--awb-border-top:1px;--awb-border-right:1px;--awb-border-bottom:1px;--awb-border-left:1px;--awb-border-style:solid;width:48%; margin-right: 4%;\"><div class=\"fusion-column-wrapper fusion-flex-column-wrapper-legacy\"><div class=\"fusion-image-element fusion-image-align-center in-legacy-container\" style=\"text-align:center;--awb-liftup-border-radius:0px;--awb-caption-title-size:var(--h2_typography-font-size);--awb-caption-title-transform:var(--h2_typography-text-transform);--awb-caption-title-line-height:var(--h2_typography-line-height);--awb-caption-title-letter-spacing:var(--h2_typography-letter-spacing);\"><div class=\"imageframe-align-center\"><div class=\"awb-image-frame awb-image-frame-5 imageframe-liftup\"><span class=\" fusion-imageframe imageframe-none imageframe-5\"><img decoding=\"async\" width=\"1920\" height=\"1277\" title=\"gimnasio256\" src=\"https:\/\/hotelciudaddebinefar.com\/wp-content\/uploads\/2016\/09\/gimnasio256.jpg\" alt class=\"img-responsive wp-image-2826\" srcset=\"https:\/\/hotelciudaddebinefar.com\/wp-content\/uploads\/2016\/09\/gimnasio256-200x133.jpg 200w, https:\/\/hotelciudaddebinefar.com\/wp-content\/uploads\/2016\/09\/gimnasio256-400x266.jpg 400w, https:\/\/hotelciudaddebinefar.com\/wp-content\/uploads\/2016\/09\/gimnasio256-600x399.jpg 600w, https:\/\/hotelciudaddebinefar.com\/wp-content\/uploads\/2016\/09\/gimnasio256-800x532.jpg 800w, https:\/\/hotelciudaddebinefar.com\/wp-content\/uploads\/2016\/09\/gimnasio256-1200x798.jpg 1200w, https:\/\/hotelciudaddebinefar.com\/wp-content\/uploads\/2016\/09\/gimnasio256.jpg 1920w\" sizes=\"(max-width: 800px) 100vw, 600px\" \/><\/span><\/div><\/div><\/div><div class=\"fusion-clearfix\"><\/div><\/div><\/div><div class=\"fusion-layout-column fusion_builder_column fusion-builder-column-8 fusion_builder_column_1_2 1_2 fusion-one-half fusion-column-last\" style=\"--awb-bg-size:cover;width:48%;\"><div class=\"fusion-column-wrapper fusion-flex-column-wrapper-legacy\"><div class=\"fusion-text fusion-text-3\"><p style=\"letter-spacing: 4px; font-size: 13px; text-align: center; margin-bottom: 0px;\">PONTE EN FORMA<\/p>\n<h1 style=\"text-align: center;\">FITNESS<\/h1>\n<\/div><div class=\"fusion-sep-clear\"><\/div><div class=\"fusion-separator\" style=\"margin-left: auto;margin-right: auto;margin-top:0px;margin-bottom:20px;width:100%;max-width:50px;\"><div class=\"fusion-separator-border sep-single sep-solid\" style=\"--awb-height:20px;--awb-amount:20px;--awb-sep-color:#dd042b;border-color:#dd042b;border-top-width:1px;\"><\/div><\/div><div class=\"fusion-sep-clear\"><\/div><div class=\"fusion-text fusion-text-4\"><p style=\"text-align: justify;\">Nuestro completo gimnasio con amplias cristaleras y luz natural esta ubicado en la primera planta junto al SPA y vistas a la terraza.<\/p>\n<p style=\"text-align: justify;\">Unas m\u00e1quinas fitness dotadas de la \u00faltima tecnolog\u00eda y un entorno acogedor conseguir\u00e1n que hacer ejercicio se convierta en un momento \u00fanico para su cuerpo y su mente.<\/p>\n<\/div><div class=\"fusion-clearfix\"><\/div><\/div><\/div><div class=\"fusion-layout-column fusion_builder_column fusion-builder-column-9 fusion_builder_column_1_1 1_1 fusion-one-full fusion-column-first fusion-column-last fusion-column-no-min-height\" style=\"--awb-bg-size:cover;--awb-margin-bottom:0px;\"><div class=\"fusion-column-wrapper fusion-flex-column-wrapper-legacy\"><div class=\"fusion-content-boxes content-boxes columns row fusion-columns-3 fusion-columns-total-6 fusion-content-boxes-1 content-boxes-icon-on-top content-left\" style=\"--awb-hover-accent-color:#a0ce4e;--awb-circle-hover-accent-color:#a0ce4e;\" data-animationOffset=\"top-into-view\"><div style=\"--awb-backgroundcolor:rgba(255,255,255,0);\" class=\"fusion-column content-box-column content-box-column content-box-column-1 col-lg-4 col-md-4 col-sm-4 fusion-content-box-hover content-box-column-first-in-row\"><div class=\"col content-box-wrapper content-wrapper link-area-link-icon icon-hover-animation-fade\" data-animationOffset=\"top-into-view\"><div class=\"heading heading-with-icon icon-left\"><div aria-hidden=\"true\" class=\"image\"><img src=\"https:\/\/hotelciudaddebinefar.com\/wp-content\/uploads\/2015\/02\/ico-estacion-eliptica.png\" width=\"120\" height=\"120\" alt=\"\" \/><\/div><h2 class=\"content-box-heading\" style=\"--h2_typography-font-size:18px;line-height:23px;\">2 estaciones el\u00edpticas de trabajo completo<\/h2><\/div><\/div><\/div><div style=\"--awb-backgroundcolor:rgba(255,255,255,0);\" class=\"fusion-column content-box-column content-box-column content-box-column-2 col-lg-4 col-md-4 col-sm-4 fusion-content-box-hover \"><div class=\"col content-box-wrapper content-wrapper link-area-link-icon icon-hover-animation-fade\" data-animationOffset=\"top-into-view\"><div class=\"heading heading-with-icon icon-left\"><div aria-hidden=\"true\" class=\"image\"><img src=\"https:\/\/hotelciudaddebinefar.com\/wp-content\/uploads\/2015\/02\/ico-bici-estatica.png\" width=\"120\" height=\"120\" alt=\"\" \/><\/div><h2 class=\"content-box-heading\" style=\"--h2_typography-font-size:18px;line-height:23px;\">3 bicicletas est\u00e1ticas<\/h2><\/div><\/div><\/div><div style=\"--awb-backgroundcolor:rgba(255,255,255,0);\" class=\"fusion-column content-box-column content-box-column content-box-column-3 col-lg-4 col-md-4 col-sm-4 fusion-content-box-hover content-box-column-last-in-row\"><div class=\"col content-box-wrapper content-wrapper link-area-link-icon icon-hover-animation-fade\" data-animationOffset=\"top-into-view\"><div class=\"heading heading-with-icon icon-left\"><div aria-hidden=\"true\" class=\"image\"><img src=\"https:\/\/hotelciudaddebinefar.com\/wp-content\/uploads\/2015\/02\/ico-estacion-multifuncion.png\" width=\"120\" height=\"120\" alt=\"\" \/><\/div><h2 class=\"content-box-heading\" style=\"--h2_typography-font-size:18px;line-height:23px;\">1 Estaci\u00f3n multifuncional de fitness<\/h2><\/div><\/div><\/div><div style=\"--awb-backgroundcolor:rgba(255,255,255,0);\" class=\"fusion-column content-box-column content-box-column content-box-column-4 col-lg-4 col-md-4 col-sm-4 fusion-content-box-hover content-box-column-first-in-row\"><div class=\"col content-box-wrapper content-wrapper link-area-link-icon icon-hover-animation-fade\" data-animationOffset=\"top-into-view\"><div class=\"heading heading-with-icon icon-left\"><div aria-hidden=\"true\" class=\"image\"><img src=\"https:\/\/hotelciudaddebinefar.com\/wp-content\/uploads\/2015\/02\/ico-cinta-transportadora.png\" width=\"120\" height=\"120\" alt=\"\" \/><\/div><h2 class=\"content-box-heading\" style=\"--h2_typography-font-size:18px;line-height:23px;\">1 cinta transportadora<\/h2><\/div><\/div><\/div><div style=\"--awb-backgroundcolor:rgba(255,255,255,0);\" class=\"fusion-column content-box-column content-box-column content-box-column-5 col-lg-4 col-md-4 col-sm-4 fusion-content-box-hover \"><div class=\"col content-box-wrapper content-wrapper link-area-link-icon icon-hover-animation-fade\" data-animationOffset=\"top-into-view\"><div class=\"heading heading-with-icon icon-left\"><div aria-hidden=\"true\" class=\"image\"><img src=\"https:\/\/hotelciudaddebinefar.com\/wp-content\/uploads\/2015\/02\/ico-estacion-steps.png\" width=\"120\" height=\"120\" alt=\"\" \/><\/div><h2 class=\"content-box-heading\" style=\"--h2_typography-font-size:18px;line-height:23px;\">Completa maquinaria de musculaci\u00f3n<\/h2><\/div><\/div><\/div><div style=\"--awb-backgroundcolor:rgba(255,255,255,0);\" class=\"fusion-column content-box-column content-box-column content-box-column-6 col-lg-4 col-md-4 col-sm-4 fusion-content-box-hover content-box-column-last content-box-column-last-in-row\"><div class=\"col content-box-wrapper content-wrapper link-area-link-icon icon-hover-animation-fade\" data-animationOffset=\"top-into-view\"><div class=\"heading heading-with-icon icon-left\"><div aria-hidden=\"true\" class=\"image\"><img src=\"https:\/\/hotelciudaddebinefar.com\/wp-content\/uploads\/2015\/02\/ico-set-mancuernas.png\" width=\"120\" height=\"120\" alt=\"\" \/><\/div><h2 class=\"content-box-heading\" style=\"--h2_typography-font-size:18px;line-height:23px;\">2 juegos de mancuernas<\/h2><\/div><\/div><\/div><div class=\"fusion-clearfix\"><\/div><\/div><div class=\"fusion-clearfix\"><\/div><\/div><\/div><\/div><\/div><\/p>\n","protected":false},"excerpt":{"rendered":"","protected":false},"author":1,"featured_media":0,"parent":0,"menu_order":0,"comment_status":"open","ping_status":"closed","template":"100-width.php","meta":[],"yoast_head":"<!-- This site is optimized with the Yoast SEO plugin v20.1 - https:\/\/yoast.com\/wordpress\/plugins\/seo\/ -->\n<title>Spa y fitness - Hotel Ciudad de Bin\u00e9far<\/title>\n<meta name=\"robots\" content=\"index, follow, max-snippet:-1, max-image-preview:large, max-video-preview:-1\" \/>\n<link rel=\"canonical\" href=\"https:\/\/hotelciudaddebinefar.com\/en\/spa-y-fitness\/\" \/>\n<meta property=\"og:locale\" content=\"en_US\" \/>\n<meta property=\"og:type\" content=\"article\" \/>\n<meta property=\"og:title\" content=\"Spa y fitness - Hotel Ciudad de Bin\u00e9far\" \/>\n<meta property=\"og:url\" content=\"https:\/\/hotelciudaddebinefar.com\/en\/spa-y-fitness\/\" \/>\n<meta property=\"og:site_name\" content=\"Hotel Ciudad de Bin\u00e9far\" \/>\n<meta property=\"article:publisher\" content=\"https:\/\/www.facebook.com\/hotelciudaddebinefar\/\" \/>\n<meta property=\"article:modified_time\" content=\"2023-03-01T07:32:51+00:00\" \/>\n<meta property=\"og:image\" content=\"https:\/\/hotelciudaddebinefar.com\/wp-content\/uploads\/2015\/07\/spa-a.jpg\" \/>\n<meta name=\"twitter:card\" content=\"summary_large_image\" \/>\n<meta name=\"twitter:label1\" content=\"Est. reading time\" \/>\n\t<meta name=\"twitter:data1\" content=\"8 minutes\" \/>\n<script type=\"application\/ld+json\" class=\"yoast-schema-graph\">{\"@context\":\"https:\/\/schema.org\",\"@graph\":[{\"@type\":\"WebPage\",\"@id\":\"https:\/\/hotelciudaddebinefar.com\/en\/spa-y-fitness\/\",\"url\":\"https:\/\/hotelciudaddebinefar.com\/en\/spa-y-fitness\/\",\"name\":\"Spa y fitness - Hotel Ciudad de Bin\u00e9far\",\"isPartOf\":{\"@id\":\"https:\/\/hotelciudaddebinefar.com\/#website\"},\"datePublished\":\"2015-02-03T20:15:21+00:00\",\"dateModified\":\"2023-03-01T07:32:51+00:00\",\"breadcrumb\":{\"@id\":\"https:\/\/hotelciudaddebinefar.com\/en\/spa-y-fitness\/#breadcrumb\"},\"inLanguage\":\"en-US\",\"potentialAction\":[{\"@type\":\"ReadAction\",\"target\":[\"https:\/\/hotelciudaddebinefar.com\/en\/spa-y-fitness\/\"]}]},{\"@type\":\"BreadcrumbList\",\"@id\":\"https:\/\/hotelciudaddebinefar.com\/en\/spa-y-fitness\/#breadcrumb\",\"itemListElement\":[{\"@type\":\"ListItem\",\"position\":1,\"name\":\"Portada\",\"item\":\"https:\/\/hotelciudaddebinefar.com\/en\/inicio-principal\/\"},{\"@type\":\"ListItem\",\"position\":2,\"name\":\"Spa y fitness\"}]},{\"@type\":\"WebSite\",\"@id\":\"https:\/\/hotelciudaddebinefar.com\/#website\",\"url\":\"https:\/\/hotelciudaddebinefar.com\/\",\"name\":\"Hotel Ciudad de Bin\u00e9far\",\"description\":\"Web del Hotel Ciudad de Bin\u00e9far ****, situado en Bin\u00e9far, provincia de Huesca.\",\"potentialAction\":[{\"@type\":\"SearchAction\",\"target\":{\"@type\":\"EntryPoint\",\"urlTemplate\":\"https:\/\/hotelciudaddebinefar.com\/?s={search_term_string}\"},\"query-input\":\"required name=search_term_string\"}],\"inLanguage\":\"en-US\"}]}<\/script>\n<!-- \/ Yoast SEO plugin. -->","yoast_head_json":{"title":"Spa y fitness - Hotel Ciudad de Bin\u00e9far","robots":{"index":"index","follow":"follow","max-snippet":"max-snippet:-1","max-image-preview":"max-image-preview:large","max-video-preview":"max-video-preview:-1"},"canonical":"https:\/\/hotelciudaddebinefar.com\/en\/spa-y-fitness\/","og_locale":"en_US","og_type":"article","og_title":"Spa y fitness - Hotel Ciudad de Bin\u00e9far","og_url":"https:\/\/hotelciudaddebinefar.com\/en\/spa-y-fitness\/","og_site_name":"Hotel Ciudad de Bin\u00e9far","article_publisher":"https:\/\/www.facebook.com\/hotelciudaddebinefar\/","article_modified_time":"2023-03-01T07:32:51+00:00","og_image":[{"url":"https:\/\/hotelciudaddebinefar.com\/wp-content\/uploads\/2015\/07\/spa-a.jpg"}],"twitter_card":"summary_large_image","twitter_misc":{"Est. reading time":"8 minutes"},"schema":{"@context":"https:\/\/schema.org","@graph":[{"@type":"WebPage","@id":"https:\/\/hotelciudaddebinefar.com\/en\/spa-y-fitness\/","url":"https:\/\/hotelciudaddebinefar.com\/en\/spa-y-fitness\/","name":"Spa y fitness - Hotel Ciudad de Bin\u00e9far","isPartOf":{"@id":"https:\/\/hotelciudaddebinefar.com\/#website"},"datePublished":"2015-02-03T20:15:21+00:00","dateModified":"2023-03-01T07:32:51+00:00","breadcrumb":{"@id":"https:\/\/hotelciudaddebinefar.com\/en\/spa-y-fitness\/#breadcrumb"},"inLanguage":"en-US","potentialAction":[{"@type":"ReadAction","target":["https:\/\/hotelciudaddebinefar.com\/en\/spa-y-fitness\/"]}]},{"@type":"BreadcrumbList","@id":"https:\/\/hotelciudaddebinefar.com\/en\/spa-y-fitness\/#breadcrumb","itemListElement":[{"@type":"ListItem","position":1,"name":"Portada","item":"https:\/\/hotelciudaddebinefar.com\/en\/inicio-principal\/"},{"@type":"ListItem","position":2,"name":"Spa y fitness"}]},{"@type":"WebSite","@id":"https:\/\/hotelciudaddebinefar.com\/#website","url":"https:\/\/hotelciudaddebinefar.com\/","name":"Hotel Ciudad de Bin\u00e9far","description":"Web del Hotel Ciudad de Bin\u00e9far ****, situado en Bin\u00e9far, provincia de Huesca.","potentialAction":[{"@type":"SearchAction","target":{"@type":"EntryPoint","urlTemplate":"https:\/\/hotelciudaddebinefar.com\/?s={search_term_string}"},"query-input":"required name=search_term_string"}],"inLanguage":"en-US"}]}},"_links":{"self":[{"href":"https:\/\/hotelciudaddebinefar.com\/en\/wp-json\/wp\/v2\/pages\/2909"}],"collection":[{"href":"https:\/\/hotelciudaddebinefar.com\/en\/wp-json\/wp\/v2\/pages"}],"about":[{"href":"https:\/\/hotelciudaddebinefar.com\/en\/wp-json\/wp\/v2\/types\/page"}],"author":[{"embeddable":true,"href":"https:\/\/hotelciudaddebinefar.com\/en\/wp-json\/wp\/v2\/users\/1"}],"replies":[{"embeddable":true,"href":"https:\/\/hotelciudaddebinefar.com\/en\/wp-json\/wp\/v2\/comments?post=2909"}],"version-history":[{"count":1,"href":"https:\/\/hotelciudaddebinefar.com\/en\/wp-json\/wp\/v2\/pages\/2909\/revisions"}],"predecessor-version":[{"id":2976,"href":"https:\/\/hotelciudaddebinefar.com\/en\/wp-json\/wp\/v2\/pages\/2909\/revisions\/2976"}],"wp:attachment":[{"href":"https:\/\/hotelciudaddebinefar.com\/en\/wp-json\/wp\/v2\/media?parent=2909"}],"curies":[{"name":"wp","href":"https:\/\/api.w.org\/{rel}","templated":true}]}}