{"id":2908,"date":"2015-02-03T20:15:53","date_gmt":"2015-02-03T20:15:53","guid":{"rendered":"https:\/\/hotelciudaddebinefar.com\/novedades\/"},"modified":"2023-03-01T08:32:50","modified_gmt":"2023-03-01T07:32:50","slug":"novedades","status":"publish","type":"page","link":"https:\/\/hotelciudaddebinefar.com\/en\/novedades\/","title":{"rendered":"Novedades"},"content":{"rendered":"<div class=\"fusion-fullwidth fullwidth-box fusion-builder-row-1 nonhundred-percent-fullwidth non-hundred-percent-height-scrolling\" style=\"--awb-background-position:left top;--awb-border-radius-top-left:0px;--awb-border-radius-top-right:0px;--awb-border-radius-bottom-right:0px;--awb-border-radius-bottom-left:0px;--awb-padding-top:20px;--awb-padding-bottom:95px;--awb-border-sizes-top:0px;--awb-border-sizes-bottom:0px;\" ><div class=\"fusion-builder-row fusion-row\"><div class=\"fusion-layout-column fusion_builder_column fusion-builder-column-0 fusion_builder_column_1_1 1_1 fusion-one-full fusion-column-first fusion-column-last fusion-column-no-min-height\" style=\"--awb-bg-size:cover;--awb-margin-bottom:0px;\"><div class=\"fusion-column-wrapper fusion-flex-column-wrapper-legacy\"><div class=\"fusion-clearfix\"><\/div><\/div><\/div><\/div><\/div>\n","protected":false},"excerpt":{"rendered":"","protected":false},"author":1,"featured_media":0,"parent":0,"menu_order":0,"comment_status":"open","ping_status":"closed","template":"100-width.php","meta":[],"yoast_head":"<!-- This site is optimized with the Yoast SEO plugin v20.1 - https:\/\/yoast.com\/wordpress\/plugins\/seo\/ -->\n<title>Novedades - Hotel Ciudad de Bin\u00e9far<\/title>\n<meta name=\"robots\" content=\"index, follow, max-snippet:-1, max-image-preview:large, max-video-preview:-1\" \/>\n<link rel=\"canonical\" href=\"https:\/\/hotelciudaddebinefar.com\/en\/novedades\/\" \/>\n<meta property=\"og:locale\" content=\"en_US\" \/>\n<meta property=\"og:type\" content=\"article\" \/>\n<meta property=\"og:title\" content=\"Novedades - Hotel Ciudad de Bin\u00e9far\" \/>\n<meta property=\"og:url\" content=\"https:\/\/hotelciudaddebinefar.com\/en\/novedades\/\" \/>\n<meta property=\"og:site_name\" content=\"Hotel Ciudad de Bin\u00e9far\" \/>\n<meta property=\"article:publisher\" content=\"https:\/\/www.facebook.com\/hotelciudaddebinefar\/\" \/>\n<meta property=\"article:modified_time\" content=\"2023-03-01T07:32:50+00:00\" \/>\n<meta name=\"twitter:card\" content=\"summary_large_image\" \/>\n<meta name=\"twitter:label1\" content=\"Est. reading time\" \/>\n\t<meta name=\"twitter:data1\" content=\"1 minute\" \/>\n<script type=\"application\/ld+json\" class=\"yoast-schema-graph\">{\"@context\":\"https:\/\/schema.org\",\"@graph\":[{\"@type\":\"WebPage\",\"@id\":\"https:\/\/hotelciudaddebinefar.com\/en\/novedades\/\",\"url\":\"https:\/\/hotelciudaddebinefar.com\/en\/novedades\/\",\"name\":\"Novedades - Hotel Ciudad de Bin\u00e9far\",\"isPartOf\":{\"@id\":\"https:\/\/hotelciudaddebinefar.com\/#website\"},\"datePublished\":\"2015-02-03T20:15:53+00:00\",\"dateModified\":\"2023-03-01T07:32:50+00:00\",\"breadcrumb\":{\"@id\":\"https:\/\/hotelciudaddebinefar.com\/en\/novedades\/#breadcrumb\"},\"inLanguage\":\"en-US\",\"potentialAction\":[{\"@type\":\"ReadAction\",\"target\":[\"https:\/\/hotelciudaddebinefar.com\/en\/novedades\/\"]}]},{\"@type\":\"BreadcrumbList\",\"@id\":\"https:\/\/hotelciudaddebinefar.com\/en\/novedades\/#breadcrumb\",\"itemListElement\":[{\"@type\":\"ListItem\",\"position\":1,\"name\":\"Portada\",\"item\":\"https:\/\/hotelciudaddebinefar.com\/en\/inicio-principal\/\"},{\"@type\":\"ListItem\",\"position\":2,\"name\":\"Novedades\"}]},{\"@type\":\"WebSite\",\"@id\":\"https:\/\/hotelciudaddebinefar.com\/#website\",\"url\":\"https:\/\/hotelciudaddebinefar.com\/\",\"name\":\"Hotel Ciudad de Bin\u00e9far\",\"description\":\"Web del Hotel Ciudad de Bin\u00e9far ****, situado en Bin\u00e9far, provincia de Huesca.\",\"potentialAction\":[{\"@type\":\"SearchAction\",\"target\":{\"@type\":\"EntryPoint\",\"urlTemplate\":\"https:\/\/hotelciudaddebinefar.com\/?s={search_term_string}\"},\"query-input\":\"required name=search_term_string\"}],\"inLanguage\":\"en-US\"}]}<\/script>\n<!-- \/ Yoast SEO plugin. -->","yoast_head_json":{"title":"Novedades - Hotel Ciudad de Bin\u00e9far","robots":{"index":"index","follow":"follow","max-snippet":"max-snippet:-1","max-image-preview":"max-image-preview:large","max-video-preview":"max-video-preview:-1"},"canonical":"https:\/\/hotelciudaddebinefar.com\/en\/novedades\/","og_locale":"en_US","og_type":"article","og_title":"Novedades - Hotel Ciudad de Bin\u00e9far","og_url":"https:\/\/hotelciudaddebinefar.com\/en\/novedades\/","og_site_name":"Hotel Ciudad de Bin\u00e9far","article_publisher":"https:\/\/www.facebook.com\/hotelciudaddebinefar\/","article_modified_time":"2023-03-01T07:32:50+00:00","twitter_card":"summary_large_image","twitter_misc":{"Est. reading time":"1 minute"},"schema":{"@context":"https:\/\/schema.org","@graph":[{"@type":"WebPage","@id":"https:\/\/hotelciudaddebinefar.com\/en\/novedades\/","url":"https:\/\/hotelciudaddebinefar.com\/en\/novedades\/","name":"Novedades - Hotel Ciudad de Bin\u00e9far","isPartOf":{"@id":"https:\/\/hotelciudaddebinefar.com\/#website"},"datePublished":"2015-02-03T20:15:53+00:00","dateModified":"2023-03-01T07:32:50+00:00","breadcrumb":{"@id":"https:\/\/hotelciudaddebinefar.com\/en\/novedades\/#breadcrumb"},"inLanguage":"en-US","potentialAction":[{"@type":"ReadAction","target":["https:\/\/hotelciudaddebinefar.com\/en\/novedades\/"]}]},{"@type":"BreadcrumbList","@id":"https:\/\/hotelciudaddebinefar.com\/en\/novedades\/#breadcrumb","itemListElement":[{"@type":"ListItem","position":1,"name":"Portada","item":"https:\/\/hotelciudaddebinefar.com\/en\/inicio-principal\/"},{"@type":"ListItem","position":2,"name":"Novedades"}]},{"@type":"WebSite","@id":"https:\/\/hotelciudaddebinefar.com\/#website","url":"https:\/\/hotelciudaddebinefar.com\/","name":"Hotel Ciudad de Bin\u00e9far","description":"Web del Hotel Ciudad de Bin\u00e9far ****, situado en Bin\u00e9far, provincia de Huesca.","potentialAction":[{"@type":"SearchAction","target":{"@type":"EntryPoint","urlTemplate":"https:\/\/hotelciudaddebinefar.com\/?s={search_term_string}"},"query-input":"required name=search_term_string"}],"inLanguage":"en-US"}]}},"_links":{"self":[{"href":"https:\/\/hotelciudaddebinefar.com\/en\/wp-json\/wp\/v2\/pages\/2908"}],"collection":[{"href":"https:\/\/hotelciudaddebinefar.com\/en\/wp-json\/wp\/v2\/pages"}],"about":[{"href":"https:\/\/hotelciudaddebinefar.com\/en\/wp-json\/wp\/v2\/types\/page"}],"author":[{"embeddable":true,"href":"https:\/\/hotelciudaddebinefar.com\/en\/wp-json\/wp\/v2\/users\/1"}],"replies":[{"embeddable":true,"href":"https:\/\/hotelciudaddebinefar.com\/en\/wp-json\/wp\/v2\/comments?post=2908"}],"version-history":[{"count":1,"href":"https:\/\/hotelciudaddebinefar.com\/en\/wp-json\/wp\/v2\/pages\/2908\/revisions"}],"predecessor-version":[{"id":2974,"href":"https:\/\/hotelciudaddebinefar.com\/en\/wp-json\/wp\/v2\/pages\/2908\/revisions\/2974"}],"wp:attachment":[{"href":"https:\/\/hotelciudaddebinefar.com\/en\/wp-json\/wp\/v2\/media?parent=2908"}],"curies":[{"name":"wp","href":"https:\/\/api.w.org\/{rel}","templated":true}]}}