{"id":2907,"date":"2015-02-03T20:17:08","date_gmt":"2015-02-03T20:17:08","guid":{"rendered":"https:\/\/hotelciudaddebinefar.com\/contacto\/"},"modified":"2023-03-01T08:32:44","modified_gmt":"2023-03-01T07:32:44","slug":"contacto","status":"publish","type":"page","link":"https:\/\/hotelciudaddebinefar.com\/en\/contacto\/","title":{"rendered":"Contacto"},"content":{"rendered":"<p><div class=\"fusion-fullwidth fullwidth-box fusion-builder-row-1 nonhundred-percent-fullwidth non-hundred-percent-height-scrolling\" style=\"--awb-background-position:left top;--awb-border-radius-top-left:0px;--awb-border-radius-top-right:0px;--awb-border-radius-bottom-right:0px;--awb-border-radius-bottom-left:0px;--awb-padding-top:0px;--awb-padding-bottom:45px;--awb-border-sizes-top:0px;--awb-border-sizes-bottom:0px;\" ><div class=\"fusion-builder-row fusion-row\"><div class=\"fusion-layout-column fusion_builder_column fusion-builder-column-0 fusion_builder_column_1_2 1_2 fusion-one-half fusion-column-first\" style=\"--awb-bg-size:cover;width:48%; margin-right: 4%;\"><div class=\"fusion-column-wrapper fusion-flex-column-wrapper-legacy\"><div class=\"fusion-text fusion-text-1\"><p style=\"letter-spacing: 4px; font-size: 13px; margin-bottom: 0px; text-align: left;\">CONTACTA CON NOSOTROS<\/p>\n<h1 style=\"text-align: left;\">Reserva ya para tus vacaciones!<\/h1>\n<\/div><div class=\"fusion-sep-clear\"><\/div><div class=\"fusion-separator fusion-clearfix\" style=\"float:left;margin-top:0px;margin-bottom:20px;width:100%;max-width:50px;\"><div class=\"fusion-separator-border sep-single sep-solid\" style=\"--awb-height:20px;--awb-amount:20px;--awb-sep-color:#cbaa5c;border-color:#cbaa5c;border-top-width:1px;\"><\/div><\/div><div class=\"fusion-sep-clear\"><\/div><div class=\"fusion-image-element in-legacy-container\" style=\"--awb-liftup-border-radius:0px;--awb-caption-title-size:var(--h2_typography-font-size);--awb-caption-title-transform:var(--h2_typography-text-transform);--awb-caption-title-line-height:var(--h2_typography-line-height);--awb-caption-title-letter-spacing:var(--h2_typography-letter-spacing);\"><div class=\"awb-image-frame awb-image-frame-1 imageframe-liftup\"><span class=\" fusion-imageframe imageframe-dropshadow imageframe-1\" style=\"border:13px solid #ffffff;-webkit-box-shadow: 3px 3px 7px rgba(0,0,0,0.3);box-shadow: 3px 3px 7px rgba(0,0,0,0.3);\"><a href=\"https:\/\/hotelciudaddebinefar.com\/wp-content\/uploads\/2016\/09\/recepcion216.jpg\" class=\"fusion-lightbox\" data-rel=\"iLightbox[87712017cbb8046699a]\" data-title=\"recepcion216\" title=\"recepcion216\"><img decoding=\"async\" width=\"1920\" height=\"1277\" src=\"https:\/\/hotelciudaddebinefar.com\/wp-content\/uploads\/2016\/09\/recepcion216.jpg\" alt class=\"img-responsive wp-image-2837\" srcset=\"https:\/\/hotelciudaddebinefar.com\/wp-content\/uploads\/2016\/09\/recepcion216-200x133.jpg 200w, https:\/\/hotelciudaddebinefar.com\/wp-content\/uploads\/2016\/09\/recepcion216-400x266.jpg 400w, https:\/\/hotelciudaddebinefar.com\/wp-content\/uploads\/2016\/09\/recepcion216-600x399.jpg 600w, https:\/\/hotelciudaddebinefar.com\/wp-content\/uploads\/2016\/09\/recepcion216-800x532.jpg 800w, https:\/\/hotelciudaddebinefar.com\/wp-content\/uploads\/2016\/09\/recepcion216-1200x798.jpg 1200w, https:\/\/hotelciudaddebinefar.com\/wp-content\/uploads\/2016\/09\/recepcion216.jpg 1920w\" sizes=\"(max-width: 800px) 100vw, 600px\" \/><\/a><\/span><\/div><\/div><div class=\"fusion-sep-clear\"><\/div><div class=\"fusion-separator fusion-clearfix\" style=\"float:left;margin-top:20px;margin-bottom:20px;width:100%;max-width:50px;\"><div class=\"fusion-separator-border sep-single sep-solid\" style=\"--awb-height:20px;--awb-amount:20px;--awb-sep-color:#cbaa5c;border-color:#cbaa5c;border-top-width:1px;\"><\/div><\/div><div class=\"fusion-sep-clear\"><\/div><div class=\"fusion-text fusion-text-2\"><h3 style=\"text-align: left;\"><a href=\"https:\/\/hotelciudaddebinefar.com\/en\/trabaja-con-nosotros\/\">Trabaja con nosotros<\/a><\/h3>\n<\/div><div class=\"fusion-clearfix\"><\/div><\/div><\/div><div class=\"fusion-layout-column fusion_builder_column fusion-builder-column-1 fusion_builder_column_1_2 1_2 fusion-one-half fusion-column-last contact-form\" style=\"--awb-padding-top:0px;--awb-padding-right:40px;--awb-padding-bottom:0px;--awb-padding-left:40px;--awb-bg-color:#ffffff;--awb-bg-size:cover;--awb-border-color:#ebeef1;--awb-border-style:solid;width:48%;\"><div class=\"fusion-column-wrapper fusion-flex-column-wrapper-legacy\">\n<div class=\"wpcf7 no-js\" id=\"wpcf7-f13-o1\" lang=\"es-ES\" dir=\"ltr\">\n<div class=\"screen-reader-response\"><p role=\"status\" aria-live=\"polite\" aria-atomic=\"true\"><\/p> <ul><\/ul><\/div>\n<form action=\"\/en\/wp-json\/wp\/v2\/pages\/2907#wpcf7-f13-o1\" method=\"post\" class=\"wpcf7-form init wpcf7-acceptance-as-validation\" aria-label=\"Formulario de contacto\" novalidate=\"novalidate\" data-status=\"init\">\n<div style=\"display: none;\">\n<input type=\"hidden\" name=\"_wpcf7\" value=\"13\" \/>\n<input type=\"hidden\" name=\"_wpcf7_version\" value=\"5.7.4\" \/>\n<input type=\"hidden\" name=\"_wpcf7_locale\" value=\"es_ES\" \/>\n<input type=\"hidden\" name=\"_wpcf7_unit_tag\" value=\"wpcf7-f13-o1\" \/>\n<input type=\"hidden\" name=\"_wpcf7_container_post\" value=\"0\" \/>\n<input type=\"hidden\" name=\"_wpcf7_posted_data_hash\" value=\"\" \/>\n<input type=\"hidden\" name=\"_wpcf7_recaptcha_response\" value=\"\" \/>\n<\/div>\n<p><label> Nombre (requerido)<br \/>\n<span class=\"wpcf7-form-control-wrap\" data-name=\"your-name\"><input size=\"40\" class=\"wpcf7-form-control wpcf7-text wpcf7-validates-as-required\" aria-required=\"true\" aria-invalid=\"false\" value=\"\" type=\"text\" name=\"your-name\" \/><\/span> <\/label>\n<\/p>\n<p><label> Correo electr\u00f3nico (requerido)<br \/>\n<span class=\"wpcf7-form-control-wrap\" data-name=\"your-email\"><input size=\"40\" class=\"wpcf7-form-control wpcf7-text wpcf7-email wpcf7-validates-as-required wpcf7-validates-as-email\" aria-required=\"true\" aria-invalid=\"false\" value=\"\" type=\"email\" name=\"your-email\" \/><\/span> <\/label>\n<\/p>\n<p><label> Asunto<br \/>\n<span class=\"wpcf7-form-control-wrap\" data-name=\"your-subject\"><input size=\"40\" class=\"wpcf7-form-control wpcf7-text\" aria-invalid=\"false\" value=\"\" type=\"text\" name=\"your-subject\" \/><\/span> <\/label>\n<\/p>\n<p><label> Mensaje<br \/>\n<span class=\"wpcf7-form-control-wrap\" data-name=\"your-message\"><textarea cols=\"40\" rows=\"10\" class=\"wpcf7-form-control wpcf7-textarea\" aria-invalid=\"false\" name=\"your-message\"><\/textarea><\/span> <\/label>\n<\/p>\n<p><span class=\"wpcf7-form-control-wrap\" data-name=\"acceptance-93\"><span class=\"wpcf7-form-control wpcf7-acceptance\"><span class=\"wpcf7-list-item\"><input type=\"checkbox\" name=\"acceptance-93\" value=\"1\" aria-invalid=\"false\" \/><\/span><\/span><\/span> Acepto la <a href=\"https:\/\/hotelciudaddebinefar.com\/politica-de-privacidad\/\" title=\"Pol\u00edtica de Privacidad\" target=\"_blank\">Pol\u00edtica de Privacidad<\/a>.\n<\/p>\n<div style=\"font-size:1em;\">\n\t<p style=\"font-size:0.8em;\"><strong> <em> Responsable <\/em> <\/strong> CLAVERIA ALCALA BINEFAR S.L.<br \/>\n<strong> <em> Finalidad <\/em> <\/strong> Responder las consultas planteadas por el usuario y enviarle la informaci&oacute;n solicitada<br \/>\n<strong> <em> Legitimaci&oacute;n <\/em> <\/strong> Consentimiento del usuario<br \/>\n<strong> <em> Destinatarios <\/em> <\/strong> Solo se realizan cesiones si existe una obligaci&oacute;n legal.<br \/>\n<strong> <em> Derechos <\/em> <\/strong> Acceder, rectificar y suprimir, as&iacute; como otros derechos, como se indica en la&nbsp; <a href=\"https:\/\/hotelciudaddebinefar.com\/politica-de-privacidad\/\" target=\"_blank\"> Pol&iacute;tica de Privacidad* <\/a>\n\t<\/p>\n\t<p style=\"font-size:0.8em;\">Puede consultar la informaci&oacute;n completa en nuestra <a href=\"https:\/\/hotelciudaddebinefar.com\/politica-de-privacidad\/\" target=\"_blank\"> <strong> Pol&iacute;tica de Privacidad <\/strong> <strong> * <\/strong> <\/a>\n\t<\/p>\n<\/div>\n<p><input class=\"wpcf7-form-control has-spinner wpcf7-submit\" type=\"submit\" value=\"Enviar\" \/>\n<\/p><div class=\"fusion-alert alert custom alert-custom fusion-alert-center wpcf7-response-output alert-dismissable\" style=\"--awb-border-size:1px;\" role=\"alert\"><div class=\"fusion-alert-content-wrapper\"><span class=\"fusion-alert-content\"><\/span><\/div><button type=\"button\" class=\"close toggle-alert\" data-dismiss=\"alert\" aria-label=\"Close\">&times;<\/button><\/div>\n<\/form>\n<\/div>\n<div class=\"fusion-clearfix\"><\/div><\/div><\/div><\/div><\/div><div class=\"fusion-fullwidth fullwidth-box fusion-builder-row-2 nonhundred-percent-fullwidth non-hundred-percent-height-scrolling\" style=\"--awb-background-position:left top;--awb-border-radius-top-left:0px;--awb-border-radius-top-right:0px;--awb-border-radius-bottom-right:0px;--awb-border-radius-bottom-left:0px;--awb-padding-top:70px;--awb-padding-bottom:40px;--awb-border-sizes-top:0px;--awb-border-sizes-bottom:0px;\" ><div class=\"fusion-builder-row fusion-row\"><div class=\"fusion-layout-column fusion_builder_column fusion-builder-column-2 fusion_builder_column_1_1 1_1 fusion-one-full fusion-column-first fusion-column-last fusion-column-no-min-height\" style=\"--awb-bg-size:cover;--awb-margin-bottom:0px;\"><div class=\"fusion-column-wrapper fusion-flex-column-wrapper-legacy\"><div class=\"fusion-flip-boxes flip-boxes row fusion-columns-3 flip-effect-classic\"><div class=\"fusion-flip-box-wrapper fusion-column col-lg-4 col-md-4 col-sm-4\"><div class=\"fusion-flip-box flip-right\" tabindex=\"0\"><div class=\"flip-box-inner-wrapper\"><div class=\"flip-box-front\" style=\"--awb-icon-color:#dd042b;--awb-border-size:1px;--awb-border-radius:4px;\"><div class=\"flip-box-front-inner\"><div class=\"flip-box-grafix flip-box-no-circle\"><i aria-hidden=\"true\" class=\" fa fa-map-marker\"><\/i><\/div><h2 class=\"flip-box-heading without-text\">Ubicaci\u00f3n<\/h2><\/div><\/div><div class=\"flip-box-back\" style=\"--awb-icon-color:#dd042b;--awb-border-size:1px;--awb-border-radius:4px;\"><div class=\"flip-box-back-inner\"><h3 class=\"flip-box-heading-back\">Visita nuestro hotel<\/h3><span class=\"_Xbe\">Av. Arag\u00f3n, 30, 22500 Bin\u00e9far, Huesca<\/span><div class=\"fusion-button-wrapper\"><a class=\"fusion-button button-flat button-large button-custom fusion-button-default button-1 fusion-button-default-span \" style=\"--button_accent_color:#171717;--button_accent_hover_color:#171717;--button_border_hover_color:#171717;--button_border_width-top:0px;--button_border_width-right:0px;--button_border_width-bottom:0px;--button_border_width-left:0px;--button-border-radius-top-left:0px;--button-border-radius-top-right:0px;--button-border-radius-bottom-right:0px;--button-border-radius-bottom-left:0px;--button_gradient_top_color:rgba(255,255,255,.25);--button_gradient_bottom_color:rgba(255,255,255,.25);--button_gradient_top_color_hover:rgba(255,255,255,.45);--button_gradient_bottom_color_hover:rgba(255,255,255,.45);\" target=\"_blank\" rel=\"noopener noreferrer\" href=\"https:\/\/www.google.es\/maps\/place\/Av.+Arag%C3%B3n,+30,+22500+Bin%C3%A9far,+Huesca\/@41.8501524,0.2909431,17z\/data=!3m1!4b1!4m5!3m4!1s0x12a774b1da0b74d9:0x1e43876ae7ba1eee!8m2!3d41.8501484!4d0.2931318\"><span class=\"fusion-button-text\">Ver en mapa<\/span><\/a><\/div><\/div><\/div><\/div><\/div><\/div><div class=\"fusion-flip-box-wrapper fusion-column col-lg-4 col-md-4 col-sm-4\"><div class=\"fusion-flip-box flip-right\" tabindex=\"0\"><div class=\"flip-box-inner-wrapper\"><div class=\"flip-box-front\" style=\"--awb-icon-color:#dd042b;--awb-border-size:1px;--awb-border-radius:4px;\"><div class=\"flip-box-front-inner\"><div class=\"flip-box-grafix flip-box-no-circle\"><i aria-hidden=\"true\" class=\" fa fa-phone\"><\/i><\/div><h2 class=\"flip-box-heading without-text\">Ll\u00e1manos<\/h2><\/div><\/div><div class=\"flip-box-back\" style=\"--awb-icon-color:#dd042b;--awb-border-size:1px;--awb-border-radius:4px;\"><div class=\"flip-box-back-inner\"><h3 class=\"flip-box-heading-back\">Te atendemos<\/h3>974 42 86 00<div class=\"fusion-button-wrapper\"><a class=\"fusion-button button-flat button-large button-custom fusion-button-default button-2 fusion-button-default-span \" style=\"--button_accent_color:#171717;--button_accent_hover_color:#171717;--button_border_hover_color:#171717;--button_border_width-top:0px;--button_border_width-right:0px;--button_border_width-bottom:0px;--button_border_width-left:0px;--button-border-radius-top-left:0px;--button-border-radius-top-right:0px;--button-border-radius-bottom-right:0px;--button-border-radius-bottom-left:0px;--button_gradient_top_color:rgba(255,255,255,.25);--button_gradient_bottom_color:rgba(255,255,255,.25);--button_gradient_top_color_hover:rgba(255,255,255,.45);--button_gradient_bottom_color_hover:rgba(255,255,255,.45);\" target=\"_self\" href=\"tel:974428600\"><span class=\"fusion-button-text\">Hacer llamada<\/span><\/a><\/div><\/div><\/div><\/div><\/div><\/div><div class=\"fusion-flip-box-wrapper fusion-column col-lg-4 col-md-4 col-sm-4\"><div class=\"fusion-flip-box flip-right\" tabindex=\"0\"><div class=\"flip-box-inner-wrapper\"><div class=\"flip-box-front\" style=\"--awb-icon-color:#dd042b;--awb-border-size:1px;--awb-border-radius:4px;\"><div class=\"flip-box-front-inner\"><div class=\"flip-box-grafix flip-box-no-circle\"><i aria-hidden=\"true\" class=\" fa fa-envelope-o\"><\/i><\/div><h2 class=\"flip-box-heading without-text\">Escr\u00edbenos<\/h2><\/div><\/div><div class=\"flip-box-back\" style=\"--awb-icon-color:#dd042b;--awb-border-size:1px;--awb-border-radius:4px;\"><div class=\"flip-box-back-inner\"><h3 class=\"flip-box-heading-back\">Atendemos todas tus dudas<\/h3>reservas@hotelciudaddebinefar.com<div class=\"fusion-button-wrapper\"><a class=\"fusion-button button-flat button-large button-custom fusion-button-default button-3 fusion-button-default-span \" style=\"--button_accent_color:#171717;--button_accent_hover_color:#171717;--button_border_hover_color:#171717;--button_border_width-top:0px;--button_border_width-right:0px;--button_border_width-bottom:0px;--button_border_width-left:0px;--button-border-radius-top-left:0px;--button-border-radius-top-right:0px;--button-border-radius-bottom-right:0px;--button-border-radius-bottom-left:0px;--button_gradient_top_color:rgba(255,255,255,.25);--button_gradient_bottom_color:rgba(255,255,255,.25);--button_gradient_top_color_hover:rgba(255,255,255,.45);--button_gradient_bottom_color_hover:rgba(255,255,255,.45);\" target=\"_self\" href=\"mailto:reservas@hotelciudaddebinefar.com\"><span class=\"fusion-button-text\">Env\u00edanos un Email<\/span><\/a><\/div><\/div><\/div><\/div><\/div><\/div><\/div><div class=\"clearfix\"><\/div><div class=\"fusion-clearfix\"><\/div><\/div><\/div><\/div><\/div><div class=\"fusion-fullwidth fullwidth-box fusion-builder-row-3 hundred-percent-fullwidth non-hundred-percent-height-scrolling\" style=\"--awb-background-position:left top;--awb-border-radius-top-left:0px;--awb-border-radius-top-right:0px;--awb-border-radius-bottom-right:0px;--awb-border-radius-bottom-left:0px;--awb-padding-top:0px;--awb-padding-right:0px;--awb-padding-bottom:0px;--awb-padding-left:0px;--awb-border-sizes-top:0px;--awb-border-sizes-bottom:0px;\" ><div class=\"fusion-builder-row fusion-row\"><div class=\"fusion-layout-column fusion_builder_column fusion-builder-column-3 fusion_builder_column_1_1 1_1 fusion-one-full fusion-column-first fusion-column-last fusion-column-no-min-height\" style=\"--awb-bg-size:cover;--awb-margin-bottom:0px;\"><div class=\"fusion-column-wrapper fusion-flex-column-wrapper-legacy\">\t\t\t\t\t<script type=\"text\/javascript\">\n\t\t\t\t\t\tvar map_fusion_map_69f225c8b10f0;\n\t\t\t\t\t\tvar markers = [];\n\t\t\t\t\t\tvar counter = 0;\n\t\t\t\t\t\t\t\t\t\t\t\t\t\t\t\t\t\t\t\tvar fusionMapNonce = '8fa6b10fab';\n\t\t\t\t\t\t\t\t\t\t\t\tfunction fusion_run_map_fusion_map_69f225c8b10f0() {\n\t\t\t\t\t\t\tjQuery('#fusion_map_69f225c8b10f0').fusion_maps({\n\t\t\t\t\t\t\t\taddresses: [{\"address\":\"Av. Arag\\u00f3n, 30, 22500 Bin\\u00e9far, Huesca\",\"infobox_content\":\"\",\"marker\":\"https:\\\/\\\/hotelciudaddebinefar.com\\\/wp-content\\\/plugins\\\/fusion-builder\\\/images\\\/avada_map_marker.png\",\"coordinates\":false,\"cache\":true,\"latitude\":\"41.85014839999999\",\"longitude\":\"0.2931317999999692\"}],\n\t\t\t\t\t\t\t\tanimations: true,\n\t\t\t\t\t\t\t\tinfobox_background_color: '#1d2939',\n\t\t\t\t\t\t\t\tinfobox_styling: 'custom',\n\t\t\t\t\t\t\t\tinfobox_text_color: '',\n\t\t\t\t\t\t\t\tmap_style: 'custom',\n\t\t\t\t\t\t\t\tmap_type: 'roadmap',\n\t\t\t\t\t\t\t\tmarker_icon: 'theme',\n\t\t\t\t\t\t\t\toverlay_color: '',\n\t\t\t\t\t\t\t\toverlay_color_hsl: {\"hue\":0,\"sat\":0,\"lum\":100},\n\t\t\t\t\t\t\t\tpan_control: true,\n\t\t\t\t\t\t\t\tshow_address: false,\n\t\t\t\t\t\t\t\tscale_control: true,\n\t\t\t\t\t\t\t\tscrollwheel: false,\n\t\t\t\t\t\t\t\tzoom: 8,\n\t\t\t\t\t\t\t\tzoom_control: true,\n\t\t\t\t\t\t\t});\n\t\t\t\t\t\t}\n\n\t\t\t\t\t\tgoogle.maps.event.addDomListener(window, 'load', fusion_run_map_fusion_map_69f225c8b10f0);\n\t\t\t\t\t<\/script>\n\t\t\t\t\t<div class=\"shortcode-map fusion-google-map fusion-maps-js-type\" style=\"--awb-height:400px;\" id=\"fusion_map_69f225c8b10f0\"><\/div><div class=\"fusion-clearfix\"><\/div><\/div><\/div><\/div><\/div><\/p>\n","protected":false},"excerpt":{"rendered":"","protected":false},"author":1,"featured_media":0,"parent":0,"menu_order":0,"comment_status":"open","ping_status":"closed","template":"100-width.php","meta":[],"yoast_head":"<!-- This site is optimized with the Yoast SEO plugin v20.1 - https:\/\/yoast.com\/wordpress\/plugins\/seo\/ -->\n<title>Contacto - Hotel Ciudad de Bin\u00e9far<\/title>\n<meta name=\"robots\" content=\"index, follow, max-snippet:-1, max-image-preview:large, max-video-preview:-1\" \/>\n<link rel=\"canonical\" href=\"https:\/\/hotelciudaddebinefar.com\/en\/contacto\/\" \/>\n<meta property=\"og:locale\" content=\"en_US\" \/>\n<meta property=\"og:type\" content=\"article\" \/>\n<meta property=\"og:title\" content=\"Contacto - Hotel Ciudad de Bin\u00e9far\" \/>\n<meta property=\"og:url\" content=\"https:\/\/hotelciudaddebinefar.com\/en\/contacto\/\" \/>\n<meta property=\"og:site_name\" content=\"Hotel Ciudad de Bin\u00e9far\" \/>\n<meta property=\"article:publisher\" content=\"https:\/\/www.facebook.com\/hotelciudaddebinefar\/\" \/>\n<meta property=\"article:modified_time\" content=\"2023-03-01T07:32:44+00:00\" \/>\n<meta property=\"og:image\" content=\"https:\/\/hotelciudaddebinefar.com\/wp-content\/uploads\/2016\/09\/recepcion216.jpg\" \/>\n<meta name=\"twitter:card\" content=\"summary_large_image\" \/>\n<meta name=\"twitter:label1\" content=\"Est. reading time\" \/>\n\t<meta name=\"twitter:data1\" content=\"6 minutes\" \/>\n<script type=\"application\/ld+json\" class=\"yoast-schema-graph\">{\"@context\":\"https:\/\/schema.org\",\"@graph\":[{\"@type\":\"WebPage\",\"@id\":\"https:\/\/hotelciudaddebinefar.com\/en\/contacto\/\",\"url\":\"https:\/\/hotelciudaddebinefar.com\/en\/contacto\/\",\"name\":\"Contacto - Hotel Ciudad de Bin\u00e9far\",\"isPartOf\":{\"@id\":\"https:\/\/hotelciudaddebinefar.com\/#website\"},\"datePublished\":\"2015-02-03T20:17:08+00:00\",\"dateModified\":\"2023-03-01T07:32:44+00:00\",\"breadcrumb\":{\"@id\":\"https:\/\/hotelciudaddebinefar.com\/en\/contacto\/#breadcrumb\"},\"inLanguage\":\"en-US\",\"potentialAction\":[{\"@type\":\"ReadAction\",\"target\":[\"https:\/\/hotelciudaddebinefar.com\/en\/contacto\/\"]}]},{\"@type\":\"BreadcrumbList\",\"@id\":\"https:\/\/hotelciudaddebinefar.com\/en\/contacto\/#breadcrumb\",\"itemListElement\":[{\"@type\":\"ListItem\",\"position\":1,\"name\":\"Portada\",\"item\":\"https:\/\/hotelciudaddebinefar.com\/en\/inicio-principal\/\"},{\"@type\":\"ListItem\",\"position\":2,\"name\":\"Contacto\"}]},{\"@type\":\"WebSite\",\"@id\":\"https:\/\/hotelciudaddebinefar.com\/#website\",\"url\":\"https:\/\/hotelciudaddebinefar.com\/\",\"name\":\"Hotel Ciudad de Bin\u00e9far\",\"description\":\"Web del Hotel Ciudad de Bin\u00e9far ****, situado en Bin\u00e9far, provincia de Huesca.\",\"potentialAction\":[{\"@type\":\"SearchAction\",\"target\":{\"@type\":\"EntryPoint\",\"urlTemplate\":\"https:\/\/hotelciudaddebinefar.com\/?s={search_term_string}\"},\"query-input\":\"required name=search_term_string\"}],\"inLanguage\":\"en-US\"}]}<\/script>\n<!-- \/ Yoast SEO plugin. -->","yoast_head_json":{"title":"Contacto - Hotel Ciudad de Bin\u00e9far","robots":{"index":"index","follow":"follow","max-snippet":"max-snippet:-1","max-image-preview":"max-image-preview:large","max-video-preview":"max-video-preview:-1"},"canonical":"https:\/\/hotelciudaddebinefar.com\/en\/contacto\/","og_locale":"en_US","og_type":"article","og_title":"Contacto - Hotel Ciudad de Bin\u00e9far","og_url":"https:\/\/hotelciudaddebinefar.com\/en\/contacto\/","og_site_name":"Hotel Ciudad de Bin\u00e9far","article_publisher":"https:\/\/www.facebook.com\/hotelciudaddebinefar\/","article_modified_time":"2023-03-01T07:32:44+00:00","og_image":[{"url":"https:\/\/hotelciudaddebinefar.com\/wp-content\/uploads\/2016\/09\/recepcion216.jpg"}],"twitter_card":"summary_large_image","twitter_misc":{"Est. reading time":"6 minutes"},"schema":{"@context":"https:\/\/schema.org","@graph":[{"@type":"WebPage","@id":"https:\/\/hotelciudaddebinefar.com\/en\/contacto\/","url":"https:\/\/hotelciudaddebinefar.com\/en\/contacto\/","name":"Contacto - Hotel Ciudad de Bin\u00e9far","isPartOf":{"@id":"https:\/\/hotelciudaddebinefar.com\/#website"},"datePublished":"2015-02-03T20:17:08+00:00","dateModified":"2023-03-01T07:32:44+00:00","breadcrumb":{"@id":"https:\/\/hotelciudaddebinefar.com\/en\/contacto\/#breadcrumb"},"inLanguage":"en-US","potentialAction":[{"@type":"ReadAction","target":["https:\/\/hotelciudaddebinefar.com\/en\/contacto\/"]}]},{"@type":"BreadcrumbList","@id":"https:\/\/hotelciudaddebinefar.com\/en\/contacto\/#breadcrumb","itemListElement":[{"@type":"ListItem","position":1,"name":"Portada","item":"https:\/\/hotelciudaddebinefar.com\/en\/inicio-principal\/"},{"@type":"ListItem","position":2,"name":"Contacto"}]},{"@type":"WebSite","@id":"https:\/\/hotelciudaddebinefar.com\/#website","url":"https:\/\/hotelciudaddebinefar.com\/","name":"Hotel Ciudad de Bin\u00e9far","description":"Web del Hotel Ciudad de Bin\u00e9far ****, situado en Bin\u00e9far, provincia de Huesca.","potentialAction":[{"@type":"SearchAction","target":{"@type":"EntryPoint","urlTemplate":"https:\/\/hotelciudaddebinefar.com\/?s={search_term_string}"},"query-input":"required name=search_term_string"}],"inLanguage":"en-US"}]}},"_links":{"self":[{"href":"https:\/\/hotelciudaddebinefar.com\/en\/wp-json\/wp\/v2\/pages\/2907"}],"collection":[{"href":"https:\/\/hotelciudaddebinefar.com\/en\/wp-json\/wp\/v2\/pages"}],"about":[{"href":"https:\/\/hotelciudaddebinefar.com\/en\/wp-json\/wp\/v2\/types\/page"}],"author":[{"embeddable":true,"href":"https:\/\/hotelciudaddebinefar.com\/en\/wp-json\/wp\/v2\/users\/1"}],"replies":[{"embeddable":true,"href":"https:\/\/hotelciudaddebinefar.com\/en\/wp-json\/wp\/v2\/comments?post=2907"}],"version-history":[{"count":1,"href":"https:\/\/hotelciudaddebinefar.com\/en\/wp-json\/wp\/v2\/pages\/2907\/revisions"}],"predecessor-version":[{"id":2972,"href":"https:\/\/hotelciudaddebinefar.com\/en\/wp-json\/wp\/v2\/pages\/2907\/revisions\/2972"}],"wp:attachment":[{"href":"https:\/\/hotelciudaddebinefar.com\/en\/wp-json\/wp\/v2\/media?parent=2907"}],"curies":[{"name":"wp","href":"https:\/\/api.w.org\/{rel}","templated":true}]}}