{"id":2880,"date":"2017-10-09T14:27:17","date_gmt":"2017-10-09T14:27:17","guid":{"rendered":"https:\/\/hotelciudaddebinefar.com\/politica-de-privacidad\/"},"modified":"2023-03-01T08:32:16","modified_gmt":"2023-03-01T07:32:16","slug":"politica-de-privacidad","status":"publish","type":"page","link":"https:\/\/hotelciudaddebinefar.com\/en\/politica-de-privacidad\/","title":{"rendered":"Pol\u00edtica de privacidad"},"content":{"rendered":"<div class=\"fusion-fullwidth fullwidth-box fusion-builder-row-1 hundred-percent-fullwidth non-hundred-percent-height-scrolling\" style=\"--awb-border-radius-top-left:0px;--awb-border-radius-top-right:0px;--awb-border-radius-bottom-right:0px;--awb-border-radius-bottom-left:0px;--awb-overflow:visible;\" ><div class=\"fusion-builder-row fusion-row\"><div class=\"fusion-layout-column fusion_builder_column fusion-builder-column-0 fusion_builder_column_1_1 1_1 fusion-one-full fusion-column-first fusion-column-last fusion-column-no-min-height\" style=\"--awb-bg-size:cover;--awb-margin-bottom:0px;\"><div class=\"fusion-column-wrapper fusion-flex-column-wrapper-legacy\"><div class=\"fusion-text fusion-text-1\"><h1>POLITICA DE PRIVACIDAD<\/h1>\n<p>CLAVERIA ALCALA BINEFAR S.L. en cumplimiento de lo establecido en el Reglamento General de Protecci&oacute;n de datos (RGPD 2016\/679), informa a los usuarios de la p&aacute;gina web https:\/\/hotelciudaddebinefar.com\/:<\/p>\n<h3>&iquest;Qui&eacute;n es el responsable del tratamiento de sus datos?<\/h3>\n<p>Los datos que nos faciliten el usuario a trav&eacute;s de los formularios de esta p&aacute;gina web se incorporar&aacute;n a tratamientos cuyo responsable es CLAVERIA ALCALA BINEFAR S.L. con CIF B22291645 y domicilio a efectos de notificaciones en Avda. Arag&oacute;n, n&ordm; 30, 22500 de Bin&eacute;far (Huesca).<\/p>\n<p>Puede contactar llamando al 974432869 o a trav&eacute;s del correo electr&oacute;nico rgpd@hotelciudaddebinefar.com.<\/p>\n<h3>&iquest;Con que finalidad recogemos sus datos y base jur&iacute;dica parar tratar sus datos?<\/h3>\n<h2>DATOS PERSONALES DE CLIENTES<\/h2>\n<table>\n<tbody>\n<tr>\n<td>\n<p>FINALIDAD<\/p>\n<\/td>\n<td>\n<p>BASE JUR&Iacute;DICA<\/p>\n<\/td>\n<\/tr>\n<tr>\n<td>\n<p>Presupuestar los servicios solicitados<\/p>\n<\/td>\n<td>\n<p>Es la ejecuci&oacute;n de medidas precontractuales a petici&oacute;n del interesado (presupuestos)<\/p>\n<\/td>\n<\/tr>\n<tr>\n<td>\n<p>Gesti&oacute;n de reservas<\/p>\n<\/td>\n<td>\n<p>Es la ejecuci&oacute;n de un contrato<\/p>\n<\/td>\n<\/tr>\n<tr>\n<td>\n<p>Prestaci&oacute;n de los servicios solicitados<\/p>\n<\/td>\n<td>\n<p>Es la ejecuci&oacute;n de un contrato<\/p>\n<\/td>\n<\/tr>\n<tr>\n<td>\n<p>Gesti&oacute;n interna cliente-empresa<\/p>\n<\/td>\n<td>\n<p>Es la obligaci&oacute;n legal de CLAVERIA ALCALA BINEFAR S.L.de cumplir con sus obligaciones fiscales y tributarias<\/p>\n<\/td>\n<\/tr>\n<tr>\n<td>\n<p>Gesti&oacute;n administrativa de nuestra empresa<\/p>\n<\/td>\n<td>\n<p>Es la ejecuci&oacute;n de un contrato<\/p>\n<\/td>\n<\/tr>\n<tr>\n<td>\n<p>Facturaci&oacute;n de los servicios solicitados, en su caso<\/p>\n<\/td>\n<td>\n<p>Es la obligaci&oacute;n legal de CLAVERIA ALCALA BINEFAR S.L. de cumplir con sus obligaciones fiscales y tributarias<\/p>\n<\/td>\n<\/tr>\n<tr>\n<td>\n<p>Env&iacute;o de informaci&oacute;n comercial<\/p>\n<\/td>\n<td>\n<p>Es el consentimiento<\/p>\n<\/td>\n<\/tr>\n<\/tbody>\n<\/table>\n<h2>DATOS PERSONALES DE PROVEEDORES<\/h2>\n<table>\n<tbody>\n<tr>\n<td>\n<p>FINALIDAD<\/p>\n<\/td>\n<td>\n<p>BASE JUR&Iacute;DICA<\/p>\n<\/td>\n<\/tr>\n<tr>\n<td>\n<p>Gesti&oacute;n del servicio prestado y\/o del aprovisionamiento de productos<\/p>\n<\/td>\n<td>\n<p>Es la ejecuci&oacute;n de un contrato<\/p>\n<\/td>\n<\/tr>\n<tr>\n<td>\n<p>Gesti&oacute;n interna proveedor-empresa<\/p>\n<\/td>\n<td>\n<p>Es la obligaci&oacute;n legal de CLAVERIA ALCALA BINEFAR S.L.de cumplir con sus obligaciones fiscales y tributarias<\/p>\n<\/td>\n<\/tr>\n<tr>\n<td>\n<p>Gesti&oacute;n administrativa de nuestra empresa<\/p>\n<\/td>\n<td>\n<p>Es la ejecuci&oacute;n de un contrato<\/p>\n<\/td>\n<\/tr>\n<tr>\n<td>\n<p>Pago de los servicios prestados, en su caso<\/p>\n<\/td>\n<td>\n<p>Es la obligaci&oacute;n legal de CLAVERIA ALCALA BINEFAR S.L.de cumplir con sus obligaciones fiscales y tributarias<\/p>\n<\/td>\n<\/tr>\n<tr>\n<td>&nbsp;<\/td>\n<td>&nbsp;<\/td>\n<\/tr>\n<\/tbody>\n<\/table>\n<h2>DATOS PERSONALES DE CANDIDATOS<\/h2>\n<table>\n<tbody>\n<tr>\n<td>\n<p>FINALIDAD<\/p>\n<\/td>\n<td>\n<p>BASE JUR&Iacute;DICA<\/p>\n<\/td>\n<\/tr>\n<tr>\n<td>\n<p>Que el candidato pueda formar parte de los procesos de selecci&oacute;n realizados por CLAVERIA ALCALA BINEFAR S.L.<\/p>\n<\/td>\n<td>\n<p>Consentimiento del candidato<\/p>\n<\/td>\n<\/tr>\n<\/tbody>\n<\/table>\n<p>&nbsp;<\/p>\n<h2>DATOS PERSONALES RECOGIDOS EN NUESTRA P&Aacute;GINA WEB<\/h2>\n<p>Adem&aacute;s, en esta p&aacute;gina web se recogen datos de car&aacute;cter personal a trav&eacute;s de diferentes formularios. Los datos solicitados en cada formulario son los necesarios para la finalidad por la cual se recogen. La finalidad de tratamiento son los siguientes:&nbsp;<\/p>\n<p>&nbsp;<\/p>\n<h3>FORMULARIO DE CONTACTO:<\/h3>\n<p>La finalidad de recogida de datos en este formulario es poder contestar las consultas planteadas y enviar al usuario la informaci&oacute;n solicitada a trav&eacute;s del correo electr&oacute;nico o tel&eacute;fono indicados en el formulario.<\/p>\n<p>&nbsp;<\/p>\n<h3>FORMULARIO SUSCRIPCION A NEWSLETTER:&nbsp;<\/h3>\n<p>La finalidad de recogida de datos en este formulario es dar de alta al usuario en la newsletter de la empresa, a trav&eacute;s de la cual recibir&aacute; informaci&oacute;n sobre las ofertas, promociones, productos, actividades realizadas por la empresa. El usuario una vez dado de alta recibir&aacute; un correo para confirmar la suscripci&oacute;n en el bolet&iacute;n.<\/p>\n<p>&nbsp;<\/p>\n<h3>FORMULARIO DE TRABAJA CON NOSOTROS:&nbsp;<\/h3>\n<p>La finalidad de recogida de datos en este formulario es que el solicitante forme parte de los procesos de selecci&oacute;n de personal realizados por CLAVERIA ALCALA BINEFAR S.L.<\/p>\n<p>&nbsp;<\/p>\n<h3>FORMULARIO DE RESERVAS:&nbsp;<\/h3>\n<p>La finalidad de recogida de datos en este formulario es poder gestionar y tramitar el servicio solicitado por el usuario. Adem&aacute;s, a trav&eacute;s de este formulario el usuario tambi&eacute;n podr&aacute; darse de alta en la newsletter de la empresa, a trav&eacute;s de la cual recibir&aacute; informaci&oacute;n sobre las noticias, ofertas, promociones, actividades realizadas por la empresa, etc. El usuario una vez dado de alta recibir&aacute; un correo para confirmar la suscripci&oacute;n en el bolet&iacute;n.<\/p>\n<p>&nbsp;<\/p>\n<h3>CORREO ELECTRONICO:&nbsp;<\/h3>\n<p>Si el usuario se pone en contacto a trav&eacute;s del correo electr&oacute;nico publicado en esta p&aacute;gina web, sus datos ser&aacute;n tratados para contestar las consultas planteadas y poderle enviar la informaci&oacute;n solicitada a trav&eacute;s del correo electr&oacute;nico a trav&eacute;s del cual se recibe la consulta.<\/p>\n<p>&nbsp;<\/p>\n<p><strong> &iquest;Qu&eacute; categor&iacute;a de datos tratamos? <\/strong><\/p>\n<p>Los datos que se recaban, de forma enunciativa que no limitativa, se refieren a la categor&iacute;a de datos identificativos, como pueden ser: Nombre y apellidos, Tel&eacute;fono, Direcci&oacute;n Postal, Empresa, Correo Electr&oacute;nico, as&iacute; como la direcci&oacute;n IP desde donde accede al formulario de recogida de datos; y datos econ&oacute;micos, como pueden ser: datos de la tarjeta de cr&eacute;dito, en el caso de las reservas online.<\/p>\n<p><strong> &nbsp; <\/strong><\/p>\n<h3>DATOS PERSONALES DE CLIENTES Y PROVEEDORES<\/h3>\n<p>Los datos personales facilitados ser&aacute;n conservados mientras se mantenga la relaci&oacute;n comercial o el usuario solicite su supresi&oacute;n. Finalizada la relaci&oacute;n comercial los datos ser&aacute;n conservados mientras sea necesario para dar cumplimiento a las obligaciones legales. Una vez prescritas las responsabilidades derivadas de dichas obligaciones legales sus datos ser&aacute;n suprimidos.&nbsp;<\/p>\n<p>Los datos personales necesarios para el env&iacute;o de comunicaciones comerciales, en caso de que los haya actualizado, ser&aacute;n conservados siempre que no solicite su supresi&oacute;n.<\/p>\n<p>&nbsp;<\/p>\n<h3>DATOS PERSONALES DE CANDIDATOS<\/h3>\n<p>Los datos facilitados por el candidato, incluidos los enviados a trav&eacute;s del formulario de trabaje con nosotros de la p&aacute;gina web, ser&aacute;n conservados durante 1 a&ntilde;o.<\/p>\n<p>&nbsp;<\/p>\n<h3>DATOS PERSONALES FORMULARIOS P&Aacute;GINA WEB<\/h3>\n<p>Los datos recogidos a trav&eacute;s de los formularios de nuestra p&aacute;gina web, exceptuando los datos introducidos a trav&eacute;s del formulario trabaje con nosotros, ser&aacute;n conservados mientras que el usuario no solicite su supresi&oacute;n.<\/p>\n<p>&nbsp;<\/p>\n<p><strong> &iquest;Realizamos perfiles con sus datos? <\/strong><\/p>\n<p>No se tomar&aacute;n decisiones automatizadas ni se realizar&aacute;n perfiles.<\/p>\n<p>&nbsp;<\/p>\n<p><strong> &iquest;A qui&eacute;n cedemos sus datos? <\/strong><\/p>\n<p>No se prev&eacute;n cesiones de datos ni transferencias internacionales de sus datos, a excepci&oacute;n de las autorizadas por la legislaci&oacute;n fiscal, mercantil y de telecomunicaciones, as&iacute; como en aquellos casos en los que una autoridad judicial nos lo requiera.<\/p>\n<p>&nbsp;<\/p>\n<p><strong> &iquest;Qu&eacute; terceros prestan servicios en esta web? <\/strong><\/p>\n<p>Para el desarrollo de esta p&aacute;gina web se utilizan los siguientes proveedores de servicios:<\/p>\n<p>Hosting: Los servidores donde est&aacute; alojada nuestra p&aacute;gina web est&aacute;n ubicados en la UE. Utiliza protocolos seguros con lo que la comunicaci&oacute;n de datos se hace a trav&eacute;s de canal cifrado.<\/p>\n<p>Reservas: Para la gesti&oacute;n de reservas la p&aacute;gina web utilizar el motor de reservas de Booking<\/p>\n<p>&nbsp;<\/p>\n<p><strong> &iquest;Qu&eacute; derechos tiene y como ejercerlos? <\/strong><\/p>\n<p>El usuario tiene derecho a acceder a sus datos personales, a solicitar la rectificaci&oacute;n de los que sean inexactos, as&iacute; como a su supresi&oacute;n cuando, entre otros motivos, ya no sean necesarios para los fines que fueron recogidos. En determinadas circunstancias, tambi&eacute;n podr&aacute; solicitar la limitaci&oacute;n de su tratamiento, en cuyo caso &uacute;nicamente se conservar&aacute;n para el ejercicio o la defensa de reclamaciones, as&iacute; como pedir la portabilidad de sus datos. Por motivos relacionados con su situaci&oacute;n particular, podr&aacute; oponerse al tratamiento de los mismos y CLAVERIA ALCALA BINEFAR S.L. dejar&aacute; de tratarlos, salvo por motivos leg&iacute;timos imperiosos, o el ejercicio o la defensa de posibles reclamaciones.&nbsp;<\/p>\n<p>El solicitante podr&aacute; revocar los consentimientos prestados en cualquier momento. El solicitante podr&aacute; ejercer sus derechos a trav&eacute;s del correo electr&oacute;nico rgpd@hotelciudaddebinefar.com o en las oficinas situadas en Avda. Arag&oacute;n, n&ordm; 30, 22500 de Bin&eacute;far (Huesca), adjuntando fotocopia del DNI e indicando el derecho que ejercita. Ud. tambi&eacute;n podr&aacute; presentar una reclamaci&oacute;n ante la Agencia Espa&ntilde;ola de Protecci&oacute;n de Datos.<\/p>\n<p>&nbsp;<\/p>\n<p><strong> &iquest;Qu&eacute; medidas de seguridad tenemos implantadas? <\/strong><\/p>\n<p>Dentro de nuestro compromiso por garantizar la seguridad y confidencialidad de sus datos de car&aacute;cter personal, le informamos que se han adoptado las medidas de &iacute;ndole t&eacute;cnica y organizativas necesarias para garantizar la seguridad de los datos de car&aacute;cter personal y evitar su alteraci&oacute;n, p&eacute;rdida, tratamiento o acceso no autorizado, habida cuenta del estado de la tecnolog&iacute;a, la naturaleza de los datos almacenados y los riesgos a que est&eacute;n expuestos, seg&uacute;n el Art. 32 del RGPD EU 679\/2016.<\/p>\n<p>&nbsp;<\/p>\n<p><strong> &iquest;C&oacute;mo funcionan nuestras redes sociales? <\/strong><\/p>\n<p>A trav&eacute;s de nuestras redes sociales puedes compartir nuestros contenidos o dejarnos tus comentarios, fotos o v&iacute;deos, siempre que sean del inter&eacute;s para toda la comunidad.<\/p>\n<p>Nuestras redes sociales est&aacute;n constantemente supervisadas con el fin de atender vuestras preguntas y comentarios en el menor tiempo posible.<\/p>\n<p>Queremos que sea un espacio del que todos disfrutemos, por lo que es importante que entre todos respetemos unas normas de convivencia:<\/p>\n<ol>\n<li>T&uacute; eres el responsable de los contenidos que publiques, no caigas en la violaci&oacute;n de cualquier derecho, ley o reglamento.<\/li>\n<li>Cuida la redacci&oacute;n y el tono, evita publicar cualquier informaci&oacute;n abusiva, difamatoria u obscena.<\/li>\n<li>Respeta el derecho a la privacidad, no hagas comentarios il&iacute;citos, ofensivos o discriminatorios sobre terceros.<\/li>\n<li>Evita comentarios fraudulentos, enga&ntilde;osos o que puedan inducir al error.<\/li>\n<li>No permitimos el spam, ni los mensajes comerciales o publicitarios, no queremos mensajes repetitivos.<\/li>\n<li>No mantendremos conversaciones con perfiles que podamos considerar como falsos.<\/li>\n<\/ol>\n<p>&nbsp;<\/p>\n<p>Por favor, ten en cuenta que el contenido publicado por los seguidores en nuestras p&aacute;ginas no necesariamente refleja el punto de vista de nuestra empresa.<\/p>\n<p>Si tus comentarios no cumplen las &lsquo;Normas de la casa&rsquo;, podr&aacute;n ser eliminados, ocultados o bloqueados. Cualquiera que publique contenidos no permitidos ser&aacute; bloqueado de la comunidad.<\/p>\n<p>Nos reservamos el derecho a modificar estas normas en cualquier momento y sin previo aviso.<\/p>\n<\/div>\n<div class=\"fusion-clearfix\"><\/div><\/div><\/div><\/div><\/div>\n","protected":false},"excerpt":{"rendered":"","protected":false},"author":1,"featured_media":0,"parent":0,"menu_order":0,"comment_status":"closed","ping_status":"closed","template":"","meta":[],"yoast_head":"<!-- This site is optimized with the Yoast SEO plugin v20.1 - https:\/\/yoast.com\/wordpress\/plugins\/seo\/ -->\n<title>Pol\u00edtica de privacidad - Hotel Ciudad de Bin\u00e9far<\/title>\n<meta name=\"robots\" content=\"index, follow, max-snippet:-1, max-image-preview:large, max-video-preview:-1\" \/>\n<link rel=\"canonical\" href=\"https:\/\/hotelciudaddebinefar.com\/en\/politica-de-privacidad\/\" \/>\n<meta property=\"og:locale\" content=\"en_US\" \/>\n<meta property=\"og:type\" content=\"article\" \/>\n<meta property=\"og:title\" content=\"Pol\u00edtica de privacidad - Hotel Ciudad de Bin\u00e9far\" \/>\n<meta property=\"og:url\" content=\"https:\/\/hotelciudaddebinefar.com\/en\/politica-de-privacidad\/\" \/>\n<meta property=\"og:site_name\" content=\"Hotel Ciudad de Bin\u00e9far\" \/>\n<meta property=\"article:publisher\" content=\"https:\/\/www.facebook.com\/hotelciudaddebinefar\/\" \/>\n<meta property=\"article:modified_time\" content=\"2023-03-01T07:32:16+00:00\" \/>\n<meta name=\"twitter:card\" content=\"summary_large_image\" \/>\n<meta name=\"twitter:label1\" content=\"Est. reading time\" \/>\n\t<meta name=\"twitter:data1\" content=\"9 minutes\" \/>\n<script type=\"application\/ld+json\" class=\"yoast-schema-graph\">{\"@context\":\"https:\/\/schema.org\",\"@graph\":[{\"@type\":\"WebPage\",\"@id\":\"https:\/\/hotelciudaddebinefar.com\/en\/politica-de-privacidad\/\",\"url\":\"https:\/\/hotelciudaddebinefar.com\/en\/politica-de-privacidad\/\",\"name\":\"Pol\u00edtica de privacidad - Hotel Ciudad de Bin\u00e9far\",\"isPartOf\":{\"@id\":\"https:\/\/hotelciudaddebinefar.com\/#website\"},\"datePublished\":\"2017-10-09T14:27:17+00:00\",\"dateModified\":\"2023-03-01T07:32:16+00:00\",\"breadcrumb\":{\"@id\":\"https:\/\/hotelciudaddebinefar.com\/en\/politica-de-privacidad\/#breadcrumb\"},\"inLanguage\":\"en-US\",\"potentialAction\":[{\"@type\":\"ReadAction\",\"target\":[\"https:\/\/hotelciudaddebinefar.com\/en\/politica-de-privacidad\/\"]}]},{\"@type\":\"BreadcrumbList\",\"@id\":\"https:\/\/hotelciudaddebinefar.com\/en\/politica-de-privacidad\/#breadcrumb\",\"itemListElement\":[{\"@type\":\"ListItem\",\"position\":1,\"name\":\"Portada\",\"item\":\"https:\/\/hotelciudaddebinefar.com\/en\/inicio-principal\/\"},{\"@type\":\"ListItem\",\"position\":2,\"name\":\"Pol\u00edtica de privacidad\"}]},{\"@type\":\"WebSite\",\"@id\":\"https:\/\/hotelciudaddebinefar.com\/#website\",\"url\":\"https:\/\/hotelciudaddebinefar.com\/\",\"name\":\"Hotel Ciudad de Bin\u00e9far\",\"description\":\"Web del Hotel Ciudad de Bin\u00e9far ****, situado en Bin\u00e9far, provincia de Huesca.\",\"potentialAction\":[{\"@type\":\"SearchAction\",\"target\":{\"@type\":\"EntryPoint\",\"urlTemplate\":\"https:\/\/hotelciudaddebinefar.com\/?s={search_term_string}\"},\"query-input\":\"required name=search_term_string\"}],\"inLanguage\":\"en-US\"}]}<\/script>\n<!-- \/ Yoast SEO plugin. -->","yoast_head_json":{"title":"Pol\u00edtica de privacidad - Hotel Ciudad de Bin\u00e9far","robots":{"index":"index","follow":"follow","max-snippet":"max-snippet:-1","max-image-preview":"max-image-preview:large","max-video-preview":"max-video-preview:-1"},"canonical":"https:\/\/hotelciudaddebinefar.com\/en\/politica-de-privacidad\/","og_locale":"en_US","og_type":"article","og_title":"Pol\u00edtica de privacidad - Hotel Ciudad de Bin\u00e9far","og_url":"https:\/\/hotelciudaddebinefar.com\/en\/politica-de-privacidad\/","og_site_name":"Hotel Ciudad de Bin\u00e9far","article_publisher":"https:\/\/www.facebook.com\/hotelciudaddebinefar\/","article_modified_time":"2023-03-01T07:32:16+00:00","twitter_card":"summary_large_image","twitter_misc":{"Est. reading time":"9 minutes"},"schema":{"@context":"https:\/\/schema.org","@graph":[{"@type":"WebPage","@id":"https:\/\/hotelciudaddebinefar.com\/en\/politica-de-privacidad\/","url":"https:\/\/hotelciudaddebinefar.com\/en\/politica-de-privacidad\/","name":"Pol\u00edtica de privacidad - Hotel Ciudad de Bin\u00e9far","isPartOf":{"@id":"https:\/\/hotelciudaddebinefar.com\/#website"},"datePublished":"2017-10-09T14:27:17+00:00","dateModified":"2023-03-01T07:32:16+00:00","breadcrumb":{"@id":"https:\/\/hotelciudaddebinefar.com\/en\/politica-de-privacidad\/#breadcrumb"},"inLanguage":"en-US","potentialAction":[{"@type":"ReadAction","target":["https:\/\/hotelciudaddebinefar.com\/en\/politica-de-privacidad\/"]}]},{"@type":"BreadcrumbList","@id":"https:\/\/hotelciudaddebinefar.com\/en\/politica-de-privacidad\/#breadcrumb","itemListElement":[{"@type":"ListItem","position":1,"name":"Portada","item":"https:\/\/hotelciudaddebinefar.com\/en\/inicio-principal\/"},{"@type":"ListItem","position":2,"name":"Pol\u00edtica de privacidad"}]},{"@type":"WebSite","@id":"https:\/\/hotelciudaddebinefar.com\/#website","url":"https:\/\/hotelciudaddebinefar.com\/","name":"Hotel Ciudad de Bin\u00e9far","description":"Web del Hotel Ciudad de Bin\u00e9far ****, situado en Bin\u00e9far, provincia de Huesca.","potentialAction":[{"@type":"SearchAction","target":{"@type":"EntryPoint","urlTemplate":"https:\/\/hotelciudaddebinefar.com\/?s={search_term_string}"},"query-input":"required name=search_term_string"}],"inLanguage":"en-US"}]}},"_links":{"self":[{"href":"https:\/\/hotelciudaddebinefar.com\/en\/wp-json\/wp\/v2\/pages\/2880"}],"collection":[{"href":"https:\/\/hotelciudaddebinefar.com\/en\/wp-json\/wp\/v2\/pages"}],"about":[{"href":"https:\/\/hotelciudaddebinefar.com\/en\/wp-json\/wp\/v2\/types\/page"}],"author":[{"embeddable":true,"href":"https:\/\/hotelciudaddebinefar.com\/en\/wp-json\/wp\/v2\/users\/1"}],"replies":[{"embeddable":true,"href":"https:\/\/hotelciudaddebinefar.com\/en\/wp-json\/wp\/v2\/comments?post=2880"}],"version-history":[{"count":1,"href":"https:\/\/hotelciudaddebinefar.com\/en\/wp-json\/wp\/v2\/pages\/2880\/revisions"}],"predecessor-version":[{"id":2921,"href":"https:\/\/hotelciudaddebinefar.com\/en\/wp-json\/wp\/v2\/pages\/2880\/revisions\/2921"}],"wp:attachment":[{"href":"https:\/\/hotelciudaddebinefar.com\/en\/wp-json\/wp\/v2\/media?parent=2880"}],"curies":[{"name":"wp","href":"https:\/\/api.w.org\/{rel}","templated":true}]}}