{"id":2435,"date":"2016-09-23T10:22:21","date_gmt":"2016-09-23T10:22:21","guid":{"rendered":"http:\/\/hotelciudaddebinefar.com\/?page_id=2435"},"modified":"2023-03-01T08:32:22","modified_gmt":"2023-03-01T07:32:22","slug":"el-hotel","status":"publish","type":"page","link":"https:\/\/hotelciudaddebinefar.com\/en\/el-hotel\/","title":{"rendered":"EL HOTEL"},"content":{"rendered":"<div class=\"fusion-fullwidth fullwidth-box fusion-builder-row-1 nonhundred-percent-fullwidth non-hundred-percent-height-scrolling\" style=\"--awb-background-position:left top;--awb-border-radius-top-left:0px;--awb-border-radius-top-right:0px;--awb-border-radius-bottom-right:0px;--awb-border-radius-bottom-left:0px;--awb-padding-top:0px;--awb-padding-bottom:60px;--awb-border-sizes-top:0px;--awb-border-sizes-bottom:0px;\" ><div class=\"fusion-builder-row fusion-row\"><div class=\"fusion-layout-column fusion_builder_column fusion-builder-column-0 fusion_builder_column_1_2 1_2 fusion-one-half fusion-column-first\" style=\"--awb-bg-size:cover;width:48%; margin-right: 4%;\"><div class=\"fusion-column-wrapper fusion-flex-column-wrapper-legacy\"><div class=\"fusion-text fusion-text-1\"><p style=\"letter-spacing: 4px; font-size: 13px; text-align: center; margin-bottom: 0px;\">SOBRE NOSOTROS<\/p>\n<h1 style=\"text-align: center;\">El Hotel<\/h1>\n<\/div><div class=\"fusion-sep-clear\"><\/div><div class=\"fusion-separator\" style=\"margin-left: auto;margin-right: auto;margin-top:0px;margin-bottom:20px;width:100%;max-width:50px;\"><div class=\"fusion-separator-border sep-single sep-solid\" style=\"--awb-height:20px;--awb-amount:20px;--awb-sep-color:#dd042b;border-color:#dd042b;border-top-width:1px;\"><\/div><\/div><div class=\"fusion-sep-clear\"><\/div><div class=\"fusion-text fusion-text-2\"><p style=\"text-align: justify;\">Hotel Ciudad de Bin\u00e9far **** nace de cumplir un sue\u00f1o perseguido con ilusi\u00f3n por el empresario binefarense Luis Claver\u00eda.<\/p>\n<p style=\"text-align: justify;\">En la misma ubicaci\u00f3n donde antiguamente estaba el emblem\u00e1tico Hotel La Paz y ampliando el espacio que ocupaba el original, en el centro de la localidad oscense de Bin\u00e9far, se alza el majestuoso edificio HOTEL &amp; SPA CIUDAD DE BIN\u00c9FAR.<\/p>\n<p style=\"text-align: justify;\">El Hotel cuenta con 2 plantas subterr\u00e1neas con 130 plazas de parking, la planta calle dispone de local comercial de 1000 m2, recepci\u00f3n, cafeter\u00eda y restaurante, 3 plantas donde se encuentran repartidas sus 60 habitaciones, 3 suites y 18 habitaciones de larga estancia, spa, gimnasio y amplia terraza. En la 4 planta del edificio se encuentra un sal\u00f3n panor\u00e1mico para eventos totalmente di\u00e1fano, preparado para recibir a m\u00e1s de 700 comensales, modular y con 3 zonas de baile. Uno de los espacios m\u00e1s singulares es la Terraza Chill Out ubicada en la \u00faltima planta del edificio, sitio ideal para tomar un cocktail o una cena informal. Tambi\u00e9n dispone de oficinas en r\u00e9gimen de alquiler.<\/p>\n<p style=\"text-align: justify;\">Lo m\u00e1s significativo de este impresionante hotel es su apuesta por la eficiencia energ\u00e9tica ya que tiene un aprovechamiento de sus propios recursos energ\u00e9ticos. Sobre todo, se ha cuidado mucho el aislamiento, tanto t\u00e9rmico como ac\u00fastico y cuenta con las \u00faltimas prestaciones tecnol\u00f3gicas y est\u00e1 totalmente domotizado.<\/p>\n<p style=\"text-align: justify;\">Se ha cuidado al m\u00e1ximo el bienestar de nuestros futuros clientes y el confort. Es un hotel inspirado en las cosas que se perciben pero no se ven. Todo construido y decorado con primeras calidades que har\u00e1n de sus futuras estancias momentos inolvidables.<\/p>\n<\/div><div class=\"fusion-sep-clear\"><\/div><div class=\"fusion-separator fusion-full-width-sep\" style=\"margin-left: auto;margin-right: auto;margin-top:12px;width:100%;\"><\/div><div class=\"fusion-sep-clear\"><\/div><div class=\"fusion-aligncenter\"><a class=\"fusion-button button-flat button-large button-default fusion-button-default button-1 fusion-button-default-span \" style=\"--button-border-radius-top-left:0px;--button-border-radius-top-right:0px;--button-border-radius-bottom-right:0px;--button-border-radius-bottom-left:0px;\" target=\"_self\" href=\"\/contacto\/\"><span class=\"fusion-button-text fusion-button-text-right\">RESERVAR<\/span><span class=\"fusion-button-icon-divider button-icon-divider-right\"><i class=\" fa fa-angle-right\" aria-hidden=\"true\"><\/i><\/span><\/a><\/div><div class=\"fusion-clearfix\"><\/div><\/div><\/div><div class=\"fusion-layout-column fusion_builder_column fusion-builder-column-1 fusion_builder_column_1_2 1_2 fusion-one-half fusion-column-last\" style=\"--awb-bg-color:#ffffff;--awb-bg-size:cover;--awb-border-color:#ebeef1;--awb-border-top:1px;--awb-border-right:1px;--awb-border-bottom:1px;--awb-border-left:1px;--awb-border-style:solid;width:48%;\"><div class=\"fusion-column-wrapper fusion-flex-column-wrapper-legacy\"><div class=\"fusion-image-element fusion-image-align-center in-legacy-container\" style=\"text-align:center;--awb-liftup-border-radius:0px;--awb-caption-title-size:var(--h2_typography-font-size);--awb-caption-title-transform:var(--h2_typography-text-transform);--awb-caption-title-line-height:var(--h2_typography-line-height);--awb-caption-title-letter-spacing:var(--h2_typography-letter-spacing);\"><div class=\"imageframe-align-center\"><div class=\"awb-image-frame awb-image-frame-1 imageframe-liftup\"><span class=\" fusion-imageframe imageframe-dropshadow imageframe-1\" style=\"-webkit-box-shadow: 3px 3px 7px rgba(0,0,0,0.3);box-shadow: 3px 3px 7px rgba(0,0,0,0.3);\"><img decoding=\"async\" width=\"1920\" height=\"1638\" title=\"exterior214\" src=\"https:\/\/hotelciudaddebinefar.com\/wp-content\/uploads\/2016\/09\/exterior214.jpg\" alt class=\"img-responsive wp-image-2825\" srcset=\"https:\/\/hotelciudaddebinefar.com\/wp-content\/uploads\/2016\/09\/exterior214-200x171.jpg 200w, https:\/\/hotelciudaddebinefar.com\/wp-content\/uploads\/2016\/09\/exterior214-400x341.jpg 400w, https:\/\/hotelciudaddebinefar.com\/wp-content\/uploads\/2016\/09\/exterior214-600x512.jpg 600w, https:\/\/hotelciudaddebinefar.com\/wp-content\/uploads\/2016\/09\/exterior214-800x683.jpg 800w, https:\/\/hotelciudaddebinefar.com\/wp-content\/uploads\/2016\/09\/exterior214-1200x1024.jpg 1200w, https:\/\/hotelciudaddebinefar.com\/wp-content\/uploads\/2016\/09\/exterior214.jpg 1920w\" sizes=\"(max-width: 800px) 100vw, 600px\" \/><\/span><\/div><\/div><\/div><div class=\"fusion-sep-clear\"><\/div><div class=\"fusion-separator fusion-full-width-sep\" style=\"margin-left: auto;margin-right: auto;margin-top:10px;margin-bottom:10px;width:100%;\"><\/div><div class=\"fusion-sep-clear\"><\/div><div class=\"fusion-image-element fusion-image-align-center in-legacy-container\" style=\"text-align:center;--awb-liftup-border-radius:0px;--awb-caption-title-size:var(--h2_typography-font-size);--awb-caption-title-transform:var(--h2_typography-text-transform);--awb-caption-title-line-height:var(--h2_typography-line-height);--awb-caption-title-letter-spacing:var(--h2_typography-letter-spacing);\"><div class=\"imageframe-align-center\"><div class=\"awb-image-frame awb-image-frame-2 imageframe-liftup\"><span class=\" fusion-imageframe imageframe-dropshadow imageframe-2\" style=\"-webkit-box-shadow: 3px 3px 7px rgba(0,0,0,0.3);box-shadow: 3px 3px 7px rgba(0,0,0,0.3);\"><img decoding=\"async\" width=\"1920\" height=\"1277\" title=\"terraza-interior249\" src=\"https:\/\/hotelciudaddebinefar.com\/wp-content\/uploads\/2016\/09\/terraza-interior249.jpg\" alt class=\"img-responsive wp-image-2848\" srcset=\"https:\/\/hotelciudaddebinefar.com\/wp-content\/uploads\/2016\/09\/terraza-interior249-200x133.jpg 200w, https:\/\/hotelciudaddebinefar.com\/wp-content\/uploads\/2016\/09\/terraza-interior249-400x266.jpg 400w, https:\/\/hotelciudaddebinefar.com\/wp-content\/uploads\/2016\/09\/terraza-interior249-600x399.jpg 600w, https:\/\/hotelciudaddebinefar.com\/wp-content\/uploads\/2016\/09\/terraza-interior249-800x532.jpg 800w, https:\/\/hotelciudaddebinefar.com\/wp-content\/uploads\/2016\/09\/terraza-interior249-1200x798.jpg 1200w, https:\/\/hotelciudaddebinefar.com\/wp-content\/uploads\/2016\/09\/terraza-interior249.jpg 1920w\" sizes=\"(max-width: 800px) 100vw, 600px\" \/><\/span><\/div><\/div><\/div><div class=\"fusion-sep-clear\"><\/div><div class=\"fusion-separator fusion-full-width-sep\" style=\"margin-left: auto;margin-right: auto;margin-top:10px;margin-bottom:10px;width:100%;\"><\/div><div class=\"fusion-sep-clear\"><\/div><div class=\"fusion-image-element fusion-image-align-center in-legacy-container\" style=\"text-align:center;--awb-liftup-border-radius:0px;--awb-caption-title-size:var(--h2_typography-font-size);--awb-caption-title-transform:var(--h2_typography-text-transform);--awb-caption-title-line-height:var(--h2_typography-line-height);--awb-caption-title-letter-spacing:var(--h2_typography-letter-spacing);\"><div class=\"imageframe-align-center\"><div class=\"awb-image-frame awb-image-frame-3 imageframe-liftup\"><span class=\" fusion-imageframe imageframe-dropshadow imageframe-3\" style=\"-webkit-box-shadow: 3px 3px 7px rgba(0,0,0,0.3);box-shadow: 3px 3px 7px rgba(0,0,0,0.3);\"><img decoding=\"async\" width=\"1920\" height=\"1277\" title=\"parking265\" src=\"https:\/\/hotelciudaddebinefar.com\/wp-content\/uploads\/2016\/09\/parking265.jpg\" alt class=\"img-responsive wp-image-2834\" srcset=\"https:\/\/hotelciudaddebinefar.com\/wp-content\/uploads\/2016\/09\/parking265-200x133.jpg 200w, https:\/\/hotelciudaddebinefar.com\/wp-content\/uploads\/2016\/09\/parking265-400x266.jpg 400w, https:\/\/hotelciudaddebinefar.com\/wp-content\/uploads\/2016\/09\/parking265-600x399.jpg 600w, https:\/\/hotelciudaddebinefar.com\/wp-content\/uploads\/2016\/09\/parking265-800x532.jpg 800w, https:\/\/hotelciudaddebinefar.com\/wp-content\/uploads\/2016\/09\/parking265-1200x798.jpg 1200w, https:\/\/hotelciudaddebinefar.com\/wp-content\/uploads\/2016\/09\/parking265.jpg 1920w\" sizes=\"(max-width: 800px) 100vw, 600px\" \/><\/span><\/div><\/div><\/div><div class=\"fusion-clearfix\"><\/div><\/div><\/div><\/div><\/div>\n","protected":false},"excerpt":{"rendered":"","protected":false},"author":1,"featured_media":0,"parent":0,"menu_order":0,"comment_status":"closed","ping_status":"closed","template":"100-width.php","meta":[],"yoast_head":"<!-- This site is optimized with the Yoast SEO plugin v20.1 - https:\/\/yoast.com\/wordpress\/plugins\/seo\/ -->\n<title>EL HOTEL - Hotel Ciudad de Bin\u00e9far<\/title>\n<meta name=\"robots\" content=\"index, follow, max-snippet:-1, max-image-preview:large, max-video-preview:-1\" \/>\n<link rel=\"canonical\" href=\"https:\/\/hotelciudaddebinefar.com\/en\/el-hotel\/\" \/>\n<meta property=\"og:locale\" content=\"en_US\" \/>\n<meta property=\"og:type\" content=\"article\" \/>\n<meta property=\"og:title\" content=\"EL HOTEL - Hotel Ciudad de Bin\u00e9far\" \/>\n<meta property=\"og:url\" content=\"https:\/\/hotelciudaddebinefar.com\/en\/el-hotel\/\" \/>\n<meta property=\"og:site_name\" content=\"Hotel Ciudad de Bin\u00e9far\" \/>\n<meta property=\"article:publisher\" content=\"https:\/\/www.facebook.com\/hotelciudaddebinefar\/\" \/>\n<meta property=\"article:modified_time\" content=\"2023-03-01T07:32:22+00:00\" \/>\n<meta property=\"og:image\" content=\"https:\/\/hotelciudaddebinefar.com\/wp-content\/uploads\/2016\/09\/exterior214.jpg\" \/>\n<meta name=\"twitter:card\" content=\"summary_large_image\" \/>\n<meta name=\"twitter:label1\" content=\"Est. reading time\" \/>\n\t<meta name=\"twitter:data1\" content=\"4 minutes\" \/>\n<script type=\"application\/ld+json\" class=\"yoast-schema-graph\">{\"@context\":\"https:\/\/schema.org\",\"@graph\":[{\"@type\":\"WebPage\",\"@id\":\"https:\/\/hotelciudaddebinefar.com\/en\/el-hotel\/\",\"url\":\"https:\/\/hotelciudaddebinefar.com\/en\/el-hotel\/\",\"name\":\"EL HOTEL - Hotel Ciudad de Bin\u00e9far\",\"isPartOf\":{\"@id\":\"https:\/\/hotelciudaddebinefar.com\/#website\"},\"datePublished\":\"2016-09-23T10:22:21+00:00\",\"dateModified\":\"2023-03-01T07:32:22+00:00\",\"breadcrumb\":{\"@id\":\"https:\/\/hotelciudaddebinefar.com\/en\/el-hotel\/#breadcrumb\"},\"inLanguage\":\"en-US\",\"potentialAction\":[{\"@type\":\"ReadAction\",\"target\":[\"https:\/\/hotelciudaddebinefar.com\/en\/el-hotel\/\"]}]},{\"@type\":\"BreadcrumbList\",\"@id\":\"https:\/\/hotelciudaddebinefar.com\/en\/el-hotel\/#breadcrumb\",\"itemListElement\":[{\"@type\":\"ListItem\",\"position\":1,\"name\":\"Portada\",\"item\":\"https:\/\/hotelciudaddebinefar.com\/en\/inicio-principal\/\"},{\"@type\":\"ListItem\",\"position\":2,\"name\":\"EL HOTEL\"}]},{\"@type\":\"WebSite\",\"@id\":\"https:\/\/hotelciudaddebinefar.com\/#website\",\"url\":\"https:\/\/hotelciudaddebinefar.com\/\",\"name\":\"Hotel Ciudad de Bin\u00e9far\",\"description\":\"Web del Hotel Ciudad de Bin\u00e9far ****, situado en Bin\u00e9far, provincia de Huesca.\",\"potentialAction\":[{\"@type\":\"SearchAction\",\"target\":{\"@type\":\"EntryPoint\",\"urlTemplate\":\"https:\/\/hotelciudaddebinefar.com\/?s={search_term_string}\"},\"query-input\":\"required name=search_term_string\"}],\"inLanguage\":\"en-US\"}]}<\/script>\n<!-- \/ Yoast SEO plugin. -->","yoast_head_json":{"title":"EL HOTEL - Hotel Ciudad de Bin\u00e9far","robots":{"index":"index","follow":"follow","max-snippet":"max-snippet:-1","max-image-preview":"max-image-preview:large","max-video-preview":"max-video-preview:-1"},"canonical":"https:\/\/hotelciudaddebinefar.com\/en\/el-hotel\/","og_locale":"en_US","og_type":"article","og_title":"EL HOTEL - Hotel Ciudad de Bin\u00e9far","og_url":"https:\/\/hotelciudaddebinefar.com\/en\/el-hotel\/","og_site_name":"Hotel Ciudad de Bin\u00e9far","article_publisher":"https:\/\/www.facebook.com\/hotelciudaddebinefar\/","article_modified_time":"2023-03-01T07:32:22+00:00","og_image":[{"url":"https:\/\/hotelciudaddebinefar.com\/wp-content\/uploads\/2016\/09\/exterior214.jpg"}],"twitter_card":"summary_large_image","twitter_misc":{"Est. reading time":"4 minutes"},"schema":{"@context":"https:\/\/schema.org","@graph":[{"@type":"WebPage","@id":"https:\/\/hotelciudaddebinefar.com\/en\/el-hotel\/","url":"https:\/\/hotelciudaddebinefar.com\/en\/el-hotel\/","name":"EL HOTEL - Hotel Ciudad de Bin\u00e9far","isPartOf":{"@id":"https:\/\/hotelciudaddebinefar.com\/#website"},"datePublished":"2016-09-23T10:22:21+00:00","dateModified":"2023-03-01T07:32:22+00:00","breadcrumb":{"@id":"https:\/\/hotelciudaddebinefar.com\/en\/el-hotel\/#breadcrumb"},"inLanguage":"en-US","potentialAction":[{"@type":"ReadAction","target":["https:\/\/hotelciudaddebinefar.com\/en\/el-hotel\/"]}]},{"@type":"BreadcrumbList","@id":"https:\/\/hotelciudaddebinefar.com\/en\/el-hotel\/#breadcrumb","itemListElement":[{"@type":"ListItem","position":1,"name":"Portada","item":"https:\/\/hotelciudaddebinefar.com\/en\/inicio-principal\/"},{"@type":"ListItem","position":2,"name":"EL HOTEL"}]},{"@type":"WebSite","@id":"https:\/\/hotelciudaddebinefar.com\/#website","url":"https:\/\/hotelciudaddebinefar.com\/","name":"Hotel Ciudad de Bin\u00e9far","description":"Web del Hotel Ciudad de Bin\u00e9far ****, situado en Bin\u00e9far, provincia de Huesca.","potentialAction":[{"@type":"SearchAction","target":{"@type":"EntryPoint","urlTemplate":"https:\/\/hotelciudaddebinefar.com\/?s={search_term_string}"},"query-input":"required name=search_term_string"}],"inLanguage":"en-US"}]}},"_links":{"self":[{"href":"https:\/\/hotelciudaddebinefar.com\/en\/wp-json\/wp\/v2\/pages\/2435"}],"collection":[{"href":"https:\/\/hotelciudaddebinefar.com\/en\/wp-json\/wp\/v2\/pages"}],"about":[{"href":"https:\/\/hotelciudaddebinefar.com\/en\/wp-json\/wp\/v2\/types\/page"}],"author":[{"embeddable":true,"href":"https:\/\/hotelciudaddebinefar.com\/en\/wp-json\/wp\/v2\/users\/1"}],"replies":[{"embeddable":true,"href":"https:\/\/hotelciudaddebinefar.com\/en\/wp-json\/wp\/v2\/comments?post=2435"}],"version-history":[{"count":9,"href":"https:\/\/hotelciudaddebinefar.com\/en\/wp-json\/wp\/v2\/pages\/2435\/revisions"}],"predecessor-version":[{"id":2934,"href":"https:\/\/hotelciudaddebinefar.com\/en\/wp-json\/wp\/v2\/pages\/2435\/revisions\/2934"}],"wp:attachment":[{"href":"https:\/\/hotelciudaddebinefar.com\/en\/wp-json\/wp\/v2\/media?parent=2435"}],"curies":[{"name":"wp","href":"https:\/\/api.w.org\/{rel}","templated":true}]}}